{"id":3753,"date":"2025-03-13T20:41:52","date_gmt":"2025-03-13T19:41:52","guid":{"rendered":"https:\/\/twopagency.com\/nosaltres\/"},"modified":"2025-11-19T18:56:10","modified_gmt":"2025-11-19T17:56:10","slug":"nosaltres","status":"publish","type":"page","link":"https:\/\/twopagency.com\/ca\/nosaltres\/","title":{"rendered":"Nosaltres"},"content":{"rendered":"\t\t<div data-elementor-type=\"wp-page\" data-elementor-id=\"3753\" class=\"elementor elementor-3753 elementor-102\" data-elementor-post-type=\"page\">\n\t\t\t\t<div class=\"elementor-element elementor-element-3951a44f e-flex e-con-boxed e-con e-parent\" data-id=\"3951a44f\" data-element_type=\"container\" data-e-type=\"container\" data-settings=\"{&quot;background_background&quot;:&quot;gradient&quot;}\">\n\t\t\t\t\t<div class=\"e-con-inner\">\n\t\t<div class=\"elementor-element elementor-element-3e099782 e-flex e-con-boxed e-con e-child\" data-id=\"3e099782\" data-element_type=\"container\" data-e-type=\"container\">\n\t\t\t\t\t<div class=\"e-con-inner\">\n\t\t\t\t<div class=\"elementor-element elementor-element-2729152b elementor-invisible elementor-widget elementor-widget-heading\" data-id=\"2729152b\" data-element_type=\"widget\" data-e-type=\"widget\" data-settings=\"{&quot;_animation&quot;:&quot;fadeInUp&quot;}\" data-widget_type=\"heading.default\">\n\t\t\t\t<div class=\"elementor-widget-container\">\n\t\t\t\t\t<h1 class=\"elementor-heading-title elementor-size-default\">Sobre Nosaltres<\/h1>\t\t\t\t<\/div>\n\t\t\t\t<\/div>\n\t\t\t\t<div class=\"elementor-element elementor-element-276031b9 elementor-invisible elementor-widget elementor-widget-heading\" data-id=\"276031b9\" data-element_type=\"widget\" data-e-type=\"widget\" data-settings=\"{&quot;_animation&quot;:&quot;fadeInUp&quot;,&quot;_animation_delay&quot;:200}\" data-widget_type=\"heading.default\">\n\t\t\t\t<div class=\"elementor-widget-container\">\n\t\t\t\t\t<h4 class=\"elementor-heading-title elementor-size-default\">Impulsem marques i negocis a trav\u00e9s del disseny, estrat\u00e8gia i tecnologia.<\/h4>\t\t\t\t<\/div>\n\t\t\t\t<\/div>\n\t\t\t\t\t<\/div>\n\t\t\t\t<\/div>\n\t\t\t\t\t<\/div>\n\t\t\t\t<\/div>\n\t\t<div class=\"elementor-element elementor-element-51d6b563 e-flex e-con-boxed e-con e-parent\" data-id=\"51d6b563\" data-element_type=\"container\" data-e-type=\"container\" data-settings=\"{&quot;background_background&quot;:&quot;classic&quot;}\">\n\t\t\t\t\t<div class=\"e-con-inner\">\n\t\t<div class=\"elementor-element elementor-element-594d52f5 e-con-full e-flex elementor-invisible e-con e-child\" data-id=\"594d52f5\" data-element_type=\"container\" data-e-type=\"container\" data-settings=\"{&quot;animation&quot;:&quot;fadeInLeft&quot;}\">\n\t\t\t\t<div class=\"elementor-element elementor-element-39a4537a elementor-invisible elementor-widget elementor-widget-heading\" data-id=\"39a4537a\" data-element_type=\"widget\" data-e-type=\"widget\" data-settings=\"{&quot;_animation&quot;:&quot;fadeInUp&quot;}\" data-widget_type=\"heading.default\">\n\t\t\t\t<div class=\"elementor-widget-container\">\n\t\t\t\t\t<h6 class=\"elementor-heading-title elementor-size-default\">Qui som<\/h6>\t\t\t\t<\/div>\n\t\t\t\t<\/div>\n\t\t\t\t<div class=\"elementor-element elementor-element-1087d28f elementor-widget elementor-widget-heading\" data-id=\"1087d28f\" data-element_type=\"widget\" data-e-type=\"widget\" data-widget_type=\"heading.default\">\n\t\t\t\t<div class=\"elementor-widget-container\">\n\t\t\t\t\t<h2 class=\"elementor-heading-title elementor-size-default\">Constru\u00efm experi\u00e8ncies digitals que generen impacte\n\n<\/h2>\t\t\t\t<\/div>\n\t\t\t\t<\/div>\n\t\t\t\t<div class=\"elementor-element elementor-element-231778cf elementor-widget elementor-widget-text-editor\" data-id=\"231778cf\" data-element_type=\"widget\" data-e-type=\"widget\" data-widget_type=\"text-editor.default\">\n\t\t\t\t<div class=\"elementor-widget-container\">\n\t\t\t\t\t\t\t\t\t<p>A 2P Digital Agency, som un equip jove, creatiu i estrat\u00e8gic. Ens dediquem a combinar disseny, desenvolupament web, posicionament SEO i campanyes digitals per ajudar negocis com el teu a cr\u00e9ixer a internet. Creiem fermament en la innovaci\u00f3 constant, l&#8217;atenci\u00f3 personalitzada i en obtenir resultats mesurables. Cada projecte l&#8217;abordem com si fos el nostre propi: escoltem, analitzem i executem amb una visi\u00f3 de negoci clara.   <\/p>\t\t\t\t\t\t\t\t<\/div>\n\t\t\t\t<\/div>\n\t\t<div class=\"elementor-element elementor-element-511b9cda e-flex e-con-boxed e-con e-child\" data-id=\"511b9cda\" data-element_type=\"container\" data-e-type=\"container\">\n\t\t\t\t\t<div class=\"e-con-inner\">\n\t\t\t\t<div class=\"elementor-element elementor-element-1b307765 swipe-button elementor-widget elementor-widget-button\" data-id=\"1b307765\" data-element_type=\"widget\" data-e-type=\"widget\" data-widget_type=\"button.default\">\n\t\t\t\t<div class=\"elementor-widget-container\">\n\t\t\t\t\t\t\t\t\t<div class=\"elementor-button-wrapper\">\n\t\t\t\t\t<a class=\"elementor-button elementor-button-link elementor-size-sm\" href=\"https:\/\/twopagency.com\/#servicios\">\n\t\t\t\t\t\t<span class=\"elementor-button-content-wrapper\">\n\t\t\t\t\t\t<span class=\"elementor-button-icon\">\n\t\t\t\t<svg aria-hidden=\"true\" class=\"e-font-icon-svg e-fas-arrow-circle-right\" viewBox=\"0 0 512 512\" xmlns=\"http:\/\/www.w3.org\/2000\/svg\"><path d=\"M256 8c137 0 248 111 248 248S393 504 256 504 8 393 8 256 119 8 256 8zm-28.9 143.6l75.5 72.4H120c-13.3 0-24 10.7-24 24v16c0 13.3 10.7 24 24 24h182.6l-75.5 72.4c-9.7 9.3-9.9 24.8-.4 34.3l11 10.9c9.4 9.4 24.6 9.4 33.9 0L404.3 273c9.4-9.4 9.4-24.6 0-33.9L271.6 106.3c-9.4-9.4-24.6-9.4-33.9 0l-11 10.9c-9.5 9.6-9.3 25.1.4 34.4z\"><\/path><\/svg>\t\t\t<\/span>\n\t\t\t\t\t\t\t\t\t<span class=\"elementor-button-text\">Descobreix els nostres serveis<\/span>\n\t\t\t\t\t<\/span>\n\t\t\t\t\t<\/a>\n\t\t\t\t<\/div>\n\t\t\t\t\t\t\t\t<\/div>\n\t\t\t\t<\/div>\n\t\t\t\t\t<\/div>\n\t\t\t\t<\/div>\n\t\t\t\t<\/div>\n\t\t<div class=\"elementor-element elementor-element-33f8bebf e-con-full e-flex e-con e-child\" data-id=\"33f8bebf\" data-element_type=\"container\" data-e-type=\"container\">\n\t\t<div class=\"elementor-element elementor-element-636bf5b3 e-con-full e-flex elementor-invisible e-con e-child\" data-id=\"636bf5b3\" data-element_type=\"container\" data-e-type=\"container\" data-settings=\"{&quot;background_background&quot;:&quot;classic&quot;,&quot;animation&quot;:&quot;fadeInDown&quot;}\">\n\t\t\t\t<div class=\"elementor-element elementor-element-d0918ed elementor-position-top elementor-widget elementor-widget-image-box\" data-id=\"d0918ed\" data-element_type=\"widget\" data-e-type=\"widget\" data-widget_type=\"image-box.default\">\n\t\t\t\t<div class=\"elementor-widget-container\">\n\t\t\t\t\t<div class=\"elementor-image-box-wrapper\"><figure class=\"elementor-image-box-img\"><a href=\"https:\/\/twopagency.com\/diseno-web-girona\/\" tabindex=\"-1\"><img fetchpriority=\"high\" decoding=\"async\" width=\"300\" height=\"300\" src=\"https:\/\/twopagency.com\/wp-content\/uploads\/2025\/05\/icono-125-300x300.webp\" class=\"attachment-medium size-medium wp-image-3472\" alt=\"Icono dise\u00f1o web profesional\" srcset=\"https:\/\/twopagency.com\/wp-content\/uploads\/2025\/05\/icono-125-300x300.webp 300w, https:\/\/twopagency.com\/wp-content\/uploads\/2025\/05\/icono-125-1024x1024.webp 1024w, https:\/\/twopagency.com\/wp-content\/uploads\/2025\/05\/icono-125-150x150.webp 150w, https:\/\/twopagency.com\/wp-content\/uploads\/2025\/05\/icono-125-768x768.webp 768w, https:\/\/twopagency.com\/wp-content\/uploads\/2025\/05\/icono-125-1536x1536.webp 1536w, https:\/\/twopagency.com\/wp-content\/uploads\/2025\/05\/icono-125-2048x2048.webp 2048w\" sizes=\"(max-width: 300px) 100vw, 300px\" \/><\/a><\/figure><div class=\"elementor-image-box-content\"><h3 class=\"elementor-image-box-title\"><a href=\"https:\/\/twopagency.com\/diseno-web-girona\/\">Disseny Web<\/a><\/h3><p class=\"elementor-image-box-description\">P\u00e0gines modernes, r\u00e0pides i dissenyades per transformar visites en clients.\n<\/p><\/div><\/div>\t\t\t\t<\/div>\n\t\t\t\t<\/div>\n\t\t\t\t<\/div>\n\t\t<div class=\"elementor-element elementor-element-5d3308c e-con-full e-flex elementor-invisible e-con e-child\" data-id=\"5d3308c\" data-element_type=\"container\" data-e-type=\"container\" data-settings=\"{&quot;background_background&quot;:&quot;classic&quot;,&quot;animation&quot;:&quot;fadeInDown&quot;}\">\n\t\t\t\t<div class=\"elementor-element elementor-element-509388e elementor-position-top elementor-widget elementor-widget-image-box\" data-id=\"509388e\" data-element_type=\"widget\" data-e-type=\"widget\" data-widget_type=\"image-box.default\">\n\t\t\t\t<div class=\"elementor-widget-container\">\n\t\t\t\t\t<div class=\"elementor-image-box-wrapper\"><figure class=\"elementor-image-box-img\"><a href=\"https:\/\/twopagency.com\/diseno-tiendas-online\/\" tabindex=\"-1\"><img decoding=\"async\" width=\"300\" height=\"300\" src=\"https:\/\/twopagency.com\/wp-content\/uploads\/2025\/05\/7_1-300x300.webp\" class=\"attachment-medium size-medium wp-image-3289\" alt=\"Icono tienda online WooCommerce\" srcset=\"https:\/\/twopagency.com\/wp-content\/uploads\/2025\/05\/7_1-300x300.webp 300w, https:\/\/twopagency.com\/wp-content\/uploads\/2025\/05\/7_1-1024x1024.webp 1024w, https:\/\/twopagency.com\/wp-content\/uploads\/2025\/05\/7_1-150x150.webp 150w, https:\/\/twopagency.com\/wp-content\/uploads\/2025\/05\/7_1-768x768.webp 768w, https:\/\/twopagency.com\/wp-content\/uploads\/2025\/05\/7_1-1536x1536.webp 1536w, https:\/\/twopagency.com\/wp-content\/uploads\/2025\/05\/7_1-2048x2048.webp 2048w\" sizes=\"(max-width: 300px) 100vw, 300px\" \/><\/a><\/figure><div class=\"elementor-image-box-content\"><h3 class=\"elementor-image-box-title\"><a href=\"https:\/\/twopagency.com\/diseno-tiendas-online\/\">Botiga Online<\/a><\/h3><p class=\"elementor-image-box-description\">E-commerce a mida amb WooCommerce, usabilitat impecable i focus en vendes.\n<\/p><\/div><\/div>\t\t\t\t<\/div>\n\t\t\t\t<\/div>\n\t\t\t\t<\/div>\n\t\t<div class=\"elementor-element elementor-element-1fd1e516 e-con-full e-flex elementor-invisible e-con e-child\" data-id=\"1fd1e516\" data-element_type=\"container\" data-e-type=\"container\" data-settings=\"{&quot;background_background&quot;:&quot;classic&quot;,&quot;animation&quot;:&quot;fadeInLeft&quot;}\">\n\t\t\t\t<div class=\"elementor-element elementor-element-2f4c5cb elementor-position-top elementor-widget elementor-widget-image-box\" data-id=\"2f4c5cb\" data-element_type=\"widget\" data-e-type=\"widget\" data-widget_type=\"image-box.default\">\n\t\t\t\t<div class=\"elementor-widget-container\">\n\t\t\t\t\t<div class=\"elementor-image-box-wrapper\"><figure class=\"elementor-image-box-img\"><a href=\"https:\/\/twopagency.com\/servicio-seo\/\" tabindex=\"-1\"><img decoding=\"async\" width=\"300\" height=\"300\" src=\"https:\/\/twopagency.com\/wp-content\/uploads\/2025\/05\/icono-139-300x300.webp\" class=\"attachment-medium size-medium wp-image-3486\" alt=\"Icona posicionament SEO\" srcset=\"https:\/\/twopagency.com\/wp-content\/uploads\/2025\/05\/icono-139-300x300.webp 300w, https:\/\/twopagency.com\/wp-content\/uploads\/2025\/05\/icono-139-1024x1024.webp 1024w, https:\/\/twopagency.com\/wp-content\/uploads\/2025\/05\/icono-139-150x150.webp 150w, https:\/\/twopagency.com\/wp-content\/uploads\/2025\/05\/icono-139-768x768.webp 768w, https:\/\/twopagency.com\/wp-content\/uploads\/2025\/05\/icono-139-1536x1536.webp 1536w, https:\/\/twopagency.com\/wp-content\/uploads\/2025\/05\/icono-139-2048x2048.webp 2048w\" sizes=\"(max-width: 300px) 100vw, 300px\" \/><\/a><\/figure><div class=\"elementor-image-box-content\"><h3 class=\"elementor-image-box-title\"><a href=\"https:\/\/twopagency.com\/servicio-seo\/\">M\u00e0rqueting Digital<\/a><\/h3><p class=\"elementor-image-box-description\">Estrat\u00e8gies SEO, publicitat i contingut que posicionen la teva marca on importa.\n<\/p><\/div><\/div>\t\t\t\t<\/div>\n\t\t\t\t<\/div>\n\t\t\t\t<\/div>\n\t\t<div class=\"elementor-element elementor-element-6e1dee1 e-con-full e-flex elementor-invisible e-con e-child\" data-id=\"6e1dee1\" data-element_type=\"container\" data-e-type=\"container\" data-settings=\"{&quot;background_background&quot;:&quot;classic&quot;,&quot;animation&quot;:&quot;fadeInLeft&quot;}\">\n\t\t\t\t<div class=\"elementor-element elementor-element-e71bb77 elementor-position-top elementor-widget elementor-widget-image-box\" data-id=\"e71bb77\" data-element_type=\"widget\" data-e-type=\"widget\" data-widget_type=\"image-box.default\">\n\t\t\t\t<div class=\"elementor-widget-container\">\n\t\t\t\t\t<div class=\"elementor-image-box-wrapper\"><figure class=\"elementor-image-box-img\"><a href=\"https:\/\/twopagency.com\/branding-digital\/\" tabindex=\"-1\"><img loading=\"lazy\" decoding=\"async\" width=\"300\" height=\"300\" src=\"https:\/\/twopagency.com\/wp-content\/uploads\/2025\/05\/59_1-300x300.webp\" class=\"attachment-medium size-medium wp-image-3174\" alt=\"Icono branding e identidad visual\" srcset=\"https:\/\/twopagency.com\/wp-content\/uploads\/2025\/05\/59_1-300x300.webp 300w, https:\/\/twopagency.com\/wp-content\/uploads\/2025\/05\/59_1-1024x1024.webp 1024w, https:\/\/twopagency.com\/wp-content\/uploads\/2025\/05\/59_1-150x150.webp 150w, https:\/\/twopagency.com\/wp-content\/uploads\/2025\/05\/59_1-768x768.webp 768w, https:\/\/twopagency.com\/wp-content\/uploads\/2025\/05\/59_1-1536x1536.webp 1536w, https:\/\/twopagency.com\/wp-content\/uploads\/2025\/05\/59_1-2048x2048.webp 2048w\" sizes=\"(max-width: 300px) 100vw, 300px\" \/><\/a><\/figure><div class=\"elementor-image-box-content\"><h3 class=\"elementor-image-box-title\"><a href=\"https:\/\/twopagency.com\/branding-digital\/\">Branding<\/a><\/h3><p class=\"elementor-image-box-description\">Creem identitats visuals que connecten amb la teva audi\u00e8ncia i deixen empremta.\n<\/p><\/div><\/div>\t\t\t\t<\/div>\n\t\t\t\t<\/div>\n\t\t\t\t<\/div>\n\t\t\t\t<\/div>\n\t\t\t\t\t<\/div>\n\t\t\t\t<\/div>\n\t\t<div class=\"elementor-element elementor-element-737e9d52 e-flex e-con-boxed e-con e-parent\" data-id=\"737e9d52\" data-element_type=\"container\" data-e-type=\"container\" data-settings=\"{&quot;background_background&quot;:&quot;classic&quot;}\">\n\t\t\t\t\t<div class=\"e-con-inner\">\n\t\t<div class=\"elementor-element elementor-element-582cf125 e-flex e-con-boxed e-con e-child\" data-id=\"582cf125\" data-element_type=\"container\" data-e-type=\"container\">\n\t\t\t\t\t<div class=\"e-con-inner\">\n\t\t\t\t<div class=\"elementor-element elementor-element-5ad3b0c elementor-widget elementor-widget-heading\" data-id=\"5ad3b0c\" data-element_type=\"widget\" data-e-type=\"widget\" data-widget_type=\"heading.default\">\n\t\t\t\t<div class=\"elementor-widget-container\">\n\t\t\t\t\t<h4 class=\"elementor-heading-title elementor-size-default\">Confien en nosaltres<\/h4>\t\t\t\t<\/div>\n\t\t\t\t<\/div>\n\t\t\t\t\t<\/div>\n\t\t\t\t<\/div>\n\t\t\t\t<div class=\"elementor-element elementor-element-4b107d2 elementor-widget elementor-widget-image-carousel\" data-id=\"4b107d2\" data-element_type=\"widget\" data-e-type=\"widget\" data-settings=\"{&quot;slides_to_show&quot;:&quot;6&quot;,&quot;slides_to_show_tablet&quot;:&quot;4&quot;,&quot;slides_to_show_mobile&quot;:&quot;3&quot;,&quot;slides_to_scroll&quot;:&quot;1&quot;,&quot;navigation&quot;:&quot;none&quot;,&quot;lazyload&quot;:&quot;yes&quot;,&quot;pause_on_hover&quot;:&quot;no&quot;,&quot;pause_on_interaction&quot;:&quot;no&quot;,&quot;autoplay_speed&quot;:0,&quot;speed&quot;:5000,&quot;image_spacing_custom_mobile&quot;:{&quot;unit&quot;:&quot;px&quot;,&quot;size&quot;:50,&quot;sizes&quot;:[]},&quot;autoplay&quot;:&quot;yes&quot;,&quot;infinite&quot;:&quot;yes&quot;,&quot;image_spacing_custom&quot;:{&quot;unit&quot;:&quot;px&quot;,&quot;size&quot;:20,&quot;sizes&quot;:[]},&quot;image_spacing_custom_widescreen&quot;:{&quot;unit&quot;:&quot;px&quot;,&quot;size&quot;:&quot;&quot;,&quot;sizes&quot;:[]},&quot;image_spacing_custom_laptop&quot;:{&quot;unit&quot;:&quot;px&quot;,&quot;size&quot;:&quot;&quot;,&quot;sizes&quot;:[]},&quot;image_spacing_custom_tablet_extra&quot;:{&quot;unit&quot;:&quot;px&quot;,&quot;size&quot;:&quot;&quot;,&quot;sizes&quot;:[]},&quot;image_spacing_custom_tablet&quot;:{&quot;unit&quot;:&quot;px&quot;,&quot;size&quot;:&quot;&quot;,&quot;sizes&quot;:[]},&quot;image_spacing_custom_mobile_extra&quot;:{&quot;unit&quot;:&quot;px&quot;,&quot;size&quot;:&quot;&quot;,&quot;sizes&quot;:[]}}\" data-widget_type=\"image-carousel.default\">\n\t\t\t\t<div class=\"elementor-widget-container\">\n\t\t\t\t\t\t\t<div class=\"elementor-image-carousel-wrapper swiper\" role=\"region\" aria-roledescription=\"carousel\" aria-label=\"Carrusel de im\u00e1genes\" dir=\"ltr\">\n\t\t\t<div class=\"elementor-image-carousel swiper-wrapper\" aria-live=\"off\">\n\t\t\t\t\t\t\t\t<div class=\"swiper-slide\" role=\"group\" aria-roledescription=\"slide\" aria-label=\"1 de 7\"><figure class=\"swiper-slide-inner\"><img class=\"swiper-slide-image swiper-lazy\" data-src=\"https:\/\/twopagency.com\/wp-content\/uploads\/2025\/05\/logos-web-morado_Marand-08.webp\" alt=\"logos web morado_Marand-08\" \/><div class=\"swiper-lazy-preloader\"><\/div><\/figure><\/div><div class=\"swiper-slide\" role=\"group\" aria-roledescription=\"slide\" aria-label=\"2 de 7\"><figure class=\"swiper-slide-inner\"><img class=\"swiper-slide-image swiper-lazy\" data-src=\"https:\/\/twopagency.com\/wp-content\/uploads\/2025\/05\/logos-web-morado_Escriva-11.webp\" alt=\"logos web morado_Escriva-11\" \/><div class=\"swiper-lazy-preloader\"><\/div><\/figure><\/div><div class=\"swiper-slide\" role=\"group\" aria-roledescription=\"slide\" aria-label=\"3 de 7\"><figure class=\"swiper-slide-inner\"><img class=\"swiper-slide-image swiper-lazy\" data-src=\"https:\/\/twopagency.com\/wp-content\/uploads\/2025\/05\/logos-web-morado_The-Charm-14.webp\" alt=\"logos web morat_The Charm-14\" \/><div class=\"swiper-lazy-preloader\"><\/div><\/figure><\/div><div class=\"swiper-slide\" role=\"group\" aria-roledescription=\"slide\" aria-label=\"4 de 7\"><figure class=\"swiper-slide-inner\"><img class=\"swiper-slide-image swiper-lazy\" data-src=\"https:\/\/twopagency.com\/wp-content\/uploads\/2025\/05\/logos-web-morado_Margarita-12.webp\" alt=\"logos web morado_Margarita-12\" \/><div class=\"swiper-lazy-preloader\"><\/div><\/figure><\/div><div class=\"swiper-slide\" role=\"group\" aria-roledescription=\"slide\" aria-label=\"5 de 7\"><figure class=\"swiper-slide-inner\"><img class=\"swiper-slide-image swiper-lazy\" data-src=\"https:\/\/twopagency.com\/wp-content\/uploads\/2025\/05\/logos-web-morado_Aiguablava-09.webp\" alt=\"logos web morado_Aiguablava-09\" \/><div class=\"swiper-lazy-preloader\"><\/div><\/figure><\/div><div class=\"swiper-slide\" role=\"group\" aria-roledescription=\"slide\" aria-label=\"6 de 7\"><figure class=\"swiper-slide-inner\"><img class=\"swiper-slide-image swiper-lazy\" data-src=\"https:\/\/twopagency.com\/wp-content\/uploads\/2025\/05\/logos-web-morado_ASV-Motor-13.webp\" alt=\"logos web morat_ASV Motor-13\" \/><div class=\"swiper-lazy-preloader\"><\/div><\/figure><\/div><div class=\"swiper-slide\" role=\"group\" aria-roledescription=\"slide\" aria-label=\"7 de 7\"><figure class=\"swiper-slide-inner\"><img class=\"swiper-slide-image swiper-lazy\" data-src=\"https:\/\/twopagency.com\/wp-content\/uploads\/2025\/05\/logos-web-morado_Llafranc-Rent-a-Boat-10.webp\" alt=\"logos web morat_Llafranc Rent a Boat-10\" \/><div class=\"swiper-lazy-preloader\"><\/div><\/figure><\/div>\t\t\t<\/div>\n\t\t\t\t\t\t\t\n\t\t\t\t\t\t\t\t\t<\/div>\n\t\t\t\t\t\t<\/div>\n\t\t\t\t<\/div>\n\t\t\t\t\t<\/div>\n\t\t\t\t<\/div>\n\t\t<div class=\"elementor-element elementor-element-1ec99bf3 e-flex e-con-boxed e-con e-parent\" data-id=\"1ec99bf3\" data-element_type=\"container\" data-e-type=\"container\" data-settings=\"{&quot;background_background&quot;:&quot;classic&quot;}\">\n\t\t\t\t\t<div class=\"e-con-inner\">\n\t\t<div class=\"elementor-element elementor-element-264667c6 e-con-full e-flex elementor-invisible e-con e-child\" data-id=\"264667c6\" data-element_type=\"container\" data-e-type=\"container\" data-settings=\"{&quot;animation&quot;:&quot;fadeIn&quot;,&quot;animation_delay&quot;:200}\">\n\t\t\t\t<div class=\"elementor-element elementor-element-9f37fa6 elementor-widget elementor-widget-heading\" data-id=\"9f37fa6\" data-element_type=\"widget\" data-e-type=\"widget\" data-widget_type=\"heading.default\">\n\t\t\t\t<div class=\"elementor-widget-container\">\n\t\t\t\t\t<h2 class=\"elementor-heading-title elementor-size-default\">La nostra visi\u00f3 a 2P Digital Agency\n\n<\/h2>\t\t\t\t<\/div>\n\t\t\t\t<\/div>\n\t\t\t\t<div class=\"elementor-element elementor-element-cf35826 elementor-widget elementor-widget-text-editor\" data-id=\"cf35826\" data-element_type=\"widget\" data-e-type=\"widget\" data-widget_type=\"text-editor.default\">\n\t\t\t\t<div class=\"elementor-widget-container\">\n\t\t\t\t\t\t\t\t\t<p class=\"\" data-start=\"230\" data-end=\"420\">A 2P Digital Agency volem fer les coses diferents. Ens mou la idea de transformar el m\u00e0rqueting digital amb frescor, proximitat i una manera de treballar que no t\u00e9 por dels reptes. <\/p><p class=\"\" data-start=\"422\" data-end=\"656\">Sabem que cada client \u00e9s \u00fanic, i per aix\u00f2 busquem crear experi\u00e8ncies digitals que no nom\u00e9s es vegin b\u00e9, sin\u00f3 que realment generin impacte i ajudin a cr\u00e9ixer. La nostra meta \u00e9s que tu tamb\u00e9 et converteixis en referent al teu sector. <\/p>\t\t\t\t\t\t\t\t<\/div>\n\t\t\t\t<\/div>\n\t\t\t\t<div class=\"elementor-element elementor-element-191d827 elementor-widget elementor-widget-heading\" data-id=\"191d827\" data-element_type=\"widget\" data-e-type=\"widget\" data-widget_type=\"heading.default\">\n\t\t\t\t<div class=\"elementor-widget-container\">\n\t\t\t\t\t<h2 class=\"elementor-heading-title elementor-size-default\">La nostra missi\u00f3 a 2P Digital Agency\n\n<\/h2>\t\t\t\t<\/div>\n\t\t\t\t<\/div>\n\t\t\t\t<div class=\"elementor-element elementor-element-69446f6 elementor-widget elementor-widget-text-editor\" data-id=\"69446f6\" data-element_type=\"widget\" data-e-type=\"widget\" data-widget_type=\"text-editor.default\">\n\t\t\t\t<div class=\"elementor-widget-container\">\n\t\t\t\t\t\t\t\t\t<p class=\"\" data-start=\"697\" data-end=\"952\">Creiem en la creativitat, en la valentia per provar coses noves i en la import\u00e0ncia de connectar de deb\u00f2 amb les persones darrere de cada projecte. No busquem nom\u00e9s resultats: busquem relacions a llarg termini, basades en la confian\u00e7a i el comprom\u00eds. <\/p>\t\t\t\t\t\t\t\t<\/div>\n\t\t\t\t<\/div>\n\t\t\t\t<\/div>\n\t\t<div class=\"elementor-element elementor-element-33892a57 e-con-full e-flex e-con e-child\" data-id=\"33892a57\" data-element_type=\"container\" data-e-type=\"container\" data-settings=\"{&quot;background_background&quot;:&quot;classic&quot;}\">\n\t\t\t\t<div class=\"elementor-element elementor-element-6905f42f elementor-invisible elementor-widget elementor-widget-image\" data-id=\"6905f42f\" data-element_type=\"widget\" data-e-type=\"widget\" data-settings=\"{&quot;_animation&quot;:&quot;fadeInUp&quot;}\" data-widget_type=\"image.default\">\n\t\t\t\t<div class=\"elementor-widget-container\">\n\t\t\t\t\t\t\t\t\t\t\t\t\t\t\t<img loading=\"lazy\" decoding=\"async\" width=\"800\" height=\"800\" src=\"https:\/\/spcdn.shortpixel.ai\/spio\/ret_img,q_cdnize,to_auto,s_webp:avif\/twopagency.com\/wp-content\/uploads\/2025\/05\/bandera-2p-1024x1024.webp\" class=\"attachment-large size-large wp-image-3630\" alt=\"Astronauta simboliza visi\u00f3n y valores de 2P Digital Agency\" srcset=\"https:\/\/spcdn.shortpixel.ai\/spio\/ret_img,q_cdnize,to_auto,s_webp:avif\/twopagency.com\/wp-content\/uploads\/2025\/05\/bandera-2p-1024x1024.webp 1024w, https:\/\/spcdn.shortpixel.ai\/spio\/ret_img,q_cdnize,to_auto,s_webp:avif\/twopagency.com\/wp-content\/uploads\/2025\/05\/bandera-2p-300x300.webp 300w, https:\/\/spcdn.shortpixel.ai\/spio\/ret_img,q_cdnize,to_auto,s_webp:avif\/twopagency.com\/wp-content\/uploads\/2025\/05\/bandera-2p-150x150.webp 150w, https:\/\/spcdn.shortpixel.ai\/spio\/ret_img,q_cdnize,to_auto,s_webp:avif\/twopagency.com\/wp-content\/uploads\/2025\/05\/bandera-2p-768x768.webp 768w, https:\/\/spcdn.shortpixel.ai\/spio\/ret_img,q_cdnize,to_auto,s_webp:avif\/twopagency.com\/wp-content\/uploads\/2025\/05\/bandera-2p-1536x1536.webp 1536w, https:\/\/spcdn.shortpixel.ai\/spio\/ret_img,q_cdnize,to_auto,s_webp:avif\/twopagency.com\/wp-content\/uploads\/2025\/05\/bandera-2p-2048x2048.webp 2048w\" sizes=\"(max-width: 800px) 100vw, 800px\" \/>\t\t\t\t\t\t\t\t\t\t\t\t\t\t\t<\/div>\n\t\t\t\t<\/div>\n\t\t\t\t<\/div>\n\t\t\t\t\t<\/div>\n\t\t\t\t<\/div>\n\t\t\t\t<\/div>\n\t\t","protected":false},"excerpt":{"rendered":"<p>Sobre Nosaltres Impulsem marques i negocis a trav\u00e9s del disseny, estrat\u00e8gia i tecnologia. Qui som Constru\u00efm experi\u00e8ncies digitals que generen impacte A 2P Digital Agency, som un equip jove, creatiu i estrat\u00e8gic. Ens dediquem a combinar disseny, desenvolupament web, posicionament SEO i campanyes digitals per ajudar negocis com el teu a cr\u00e9ixer a internet. Creiem [&hellip;]<\/p>\n","protected":false},"author":5,"featured_media":0,"parent":0,"menu_order":0,"comment_status":"closed","ping_status":"closed","template":"elementor_header_footer","meta":{"footnotes":""},"class_list":["post-3753","page","type-page","status-publish","hentry"],"_links":{"self":[{"href":"https:\/\/twopagency.com\/ca\/wp-json\/wp\/v2\/pages\/3753","targetHints":{"allow":["GET"]}}],"collection":[{"href":"https:\/\/twopagency.com\/ca\/wp-json\/wp\/v2\/pages"}],"about":[{"href":"https:\/\/twopagency.com\/ca\/wp-json\/wp\/v2\/types\/page"}],"author":[{"embeddable":true,"href":"https:\/\/twopagency.com\/ca\/wp-json\/wp\/v2\/users\/5"}],"replies":[{"embeddable":true,"href":"https:\/\/twopagency.com\/ca\/wp-json\/wp\/v2\/comments?post=3753"}],"version-history":[{"count":7,"href":"https:\/\/twopagency.com\/ca\/wp-json\/wp\/v2\/pages\/3753\/revisions"}],"predecessor-version":[{"id":4390,"href":"https:\/\/twopagency.com\/ca\/wp-json\/wp\/v2\/pages\/3753\/revisions\/4390"}],"wp:attachment":[{"href":"https:\/\/twopagency.com\/ca\/wp-json\/wp\/v2\/media?parent=3753"}],"curies":[{"name":"wp","href":"https:\/\/api.w.org\/{rel}","templated":true}]}}