{"id":3744,"date":"2025-05-27T18:23:56","date_gmt":"2025-05-27T16:23:56","guid":{"rendered":"https:\/\/twopagency.com\/blog\/"},"modified":"2025-06-11T10:45:12","modified_gmt":"2025-06-11T08:45:12","slug":"blog","status":"publish","type":"page","link":"https:\/\/twopagency.com\/ca\/blog\/","title":{"rendered":"Blog"},"content":{"rendered":"\t\t<div data-elementor-type=\"wp-page\" data-elementor-id=\"3744\" class=\"elementor elementor-3744 elementor-2824\" data-elementor-post-type=\"page\">\n\t\t\t\t<div class=\"elementor-element elementor-element-98f8b9f e-flex e-con-boxed e-con e-parent\" data-id=\"98f8b9f\" data-element_type=\"container\" data-e-type=\"container\" data-settings=\"{&quot;background_background&quot;:&quot;gradient&quot;}\">\n\t\t\t\t\t<div class=\"e-con-inner\">\n\t\t<div class=\"elementor-element elementor-element-c3bebe8 e-flex e-con-boxed e-con e-child\" data-id=\"c3bebe8\" data-element_type=\"container\" data-e-type=\"container\">\n\t\t\t\t\t<div class=\"e-con-inner\">\n\t\t\t\t<div class=\"elementor-element elementor-element-953d579 elementor-invisible elementor-widget elementor-widget-heading\" data-id=\"953d579\" data-element_type=\"widget\" data-e-type=\"widget\" data-settings=\"{&quot;_animation&quot;:&quot;fadeInUp&quot;}\" data-widget_type=\"heading.default\">\n\t\t\t\t<div class=\"elementor-widget-container\">\n\t\t\t\t\t<h1 class=\"elementor-heading-title elementor-size-default\">Blog<\/h1>\t\t\t\t<\/div>\n\t\t\t\t<\/div>\n\t\t\t\t\t<\/div>\n\t\t\t\t<\/div>\n\t\t\t\t\t<\/div>\n\t\t\t\t<\/div>\n\t\t<div class=\"elementor-element elementor-element-9aaf4d8 e-flex e-con-boxed e-con e-parent\" data-id=\"9aaf4d8\" data-element_type=\"container\" data-e-type=\"container\">\n\t\t\t\t\t<div class=\"e-con-inner\">\n\t\t\t\t<div class=\"elementor-element elementor-element-7523877 elementor-widget elementor-widget-elementskit-blog-posts\" data-id=\"7523877\" data-element_type=\"widget\" data-e-type=\"widget\" data-widget_type=\"elementskit-blog-posts.default\">\n\t\t\t\t<div class=\"elementor-widget-container\">\n\t\t\t\t\t<div class=\"ekit-wid-con\" >\n        <div id=\"post-items--7523877\" class=\"row post-items ekit-blog-posts-content wihout-masonry \" data-enable=\"no\">\n\n\t\t\t<!-- Blog Carousel markup render -->\n\t\t\t\n\n            <div class=\"col-lg-4 col-md-6\">\n\n                                    <div class=\"elementskit-post-image-card\">\n                        <div class=\"elementskit-entry-header\">\n                                                            <a href=\"https:\/\/twopagency.com\/ca\/disseny-ux-girona-la-clau-per-vendre-mes-online\/\" class=\"elementskit-entry-thumb\">\n                                    <img decoding=\"async\" src=\"https:\/\/spcdn.shortpixel.ai\/spio\/ret_img,q_cdnize,to_auto,s_webp:avif\/twopagency.com\/wp-content\/uploads\/2025\/06\/diseno-web-girona-1024x683.png\" alt=\"Disseny UX Girona: La Clau per Vendre M\u00e9s Online\">\n                                <\/a><!-- .elementskit-entry-thumb END -->\n                                                            \n                            \n                                                    <\/div><!-- .elementskit-entry-header END -->\n\n                        <div class=\"elementskit-post-body \">\n                            \n                                                                                                                                                        \n                                        \n                                        \t\t\t\t\t\t\t\t\t\t                <h2 class=\"entry-title\">\n                    <a href=\"https:\/\/twopagency.com\/ca\/disseny-ux-girona-la-clau-per-vendre-mes-online\/\">\n                            Disseny UX Girona: La Clau per Vendre M\u00e9s Online                    <\/a>\n                <\/h2>\n                                                                                                                                                    \t\t\t\t\t\t\t\t\t\t<p>M\u00e9s enll\u00e0 del Bonic: Per qu\u00e8 el Disseny UX \u00e9s Clau per Vendre M\u00e9s a la teva Web (Negocis a Girona) Molts negocis a Girona inverteixen a tenir una p\u00e0gina web visualment atractiva. I aix\u00f2 \u00e9s genial! La primera impressi\u00f3 compta. Per\u00f2, \u00e9s suficient per convertir visitants en clients i&hellip;<\/p>\n                                                                                                                                                <\/div><!-- .elementskit-post-body END -->\n                    <\/div>\n                \n            <\/div>\t\t\t\t\n\n            <div class=\"col-lg-4 col-md-6\">\n\n                                    <div class=\"elementskit-post-image-card\">\n                        <div class=\"elementskit-entry-header\">\n                                                            <a href=\"https:\/\/twopagency.com\/ca\/tendencies-en-disseny-web-2025-que-marcaran-la-diferencia\/\" class=\"elementskit-entry-thumb\">\n                                    <img decoding=\"async\" src=\"https:\/\/spcdn.shortpixel.ai\/spio\/ret_img,q_cdnize,to_auto,s_webp:avif\/twopagency.com\/wp-content\/uploads\/2025\/05\/blog1.jpg\" alt=\"Tend\u00e8ncies en disseny web 2025 que marcaran la difer\u00e8ncia\">\n                                <\/a><!-- .elementskit-entry-thumb END -->\n                                                            \n                            \n                                                    <\/div><!-- .elementskit-entry-header END -->\n\n                        <div class=\"elementskit-post-body \">\n                            \n                                                                                                                                                        \n                                        \n                                        \t\t\t\t\t\t\t\t\t\t                <h2 class=\"entry-title\">\n                    <a href=\"https:\/\/twopagency.com\/ca\/tendencies-en-disseny-web-2025-que-marcaran-la-diferencia\/\">\n                            Tend\u00e8ncies en disseny web 2025 que marcaran la difer\u00e8ncia                    <\/a>\n                <\/h2>\n                                                                                                                                                    \t\t\t\t\t\t\t\t\t\t<p>Tend\u00e8ncies en disseny web 2025 que marcaran la difer\u00e8ncia El disseny web ha experimentat significatives transformacions en els darrers anys. A mesura que s&#8217;acosten noves tecnologies i enfocaments, \u00e9s crucial entendre les tend\u00e8ncies emergents que definiran el paisatge digital. Les tend\u00e8ncies de disseny web per al 2025 comprenen des de&hellip;<\/p>\n                                                                                                                                                <\/div><!-- .elementskit-post-body END -->\n                    <\/div>\n                \n            <\/div>\t\t\t\t        <\/div>\n\n\n        <\/div>\t\t\t\t<\/div>\n\t\t\t\t<\/div>\n\t\t\t\t\t<\/div>\n\t\t\t\t<\/div>\n\t\t\t\t<\/div>\n\t\t","protected":false},"excerpt":{"rendered":"<p>Blog Dise\u00f1o UX Girona: La Clave para Vender M\u00e1s Online M\u00e1s All\u00e1 de lo Bonito: Por Qu\u00e9 el Dise\u00f1o UX es Clave para Vender M\u00e1s en tu Web (Negocios en Girona) Muchos negocios en Girona invierten en tener una p\u00e1gina web visualmente atractiva. \u00a1Y eso est\u00e1 genial! La primera impresi\u00f3n cuenta. Pero, \u00bfes suficiente para [&hellip;] <\/p>\n","protected":false},"author":5,"featured_media":0,"parent":0,"menu_order":0,"comment_status":"closed","ping_status":"closed","template":"","meta":{"footnotes":""},"class_list":["post-3744","page","type-page","status-publish","hentry"],"_links":{"self":[{"href":"https:\/\/twopagency.com\/ca\/wp-json\/wp\/v2\/pages\/3744","targetHints":{"allow":["GET"]}}],"collection":[{"href":"https:\/\/twopagency.com\/ca\/wp-json\/wp\/v2\/pages"}],"about":[{"href":"https:\/\/twopagency.com\/ca\/wp-json\/wp\/v2\/types\/page"}],"author":[{"embeddable":true,"href":"https:\/\/twopagency.com\/ca\/wp-json\/wp\/v2\/users\/5"}],"replies":[{"embeddable":true,"href":"https:\/\/twopagency.com\/ca\/wp-json\/wp\/v2\/comments?post=3744"}],"version-history":[{"count":0,"href":"https:\/\/twopagency.com\/ca\/wp-json\/wp\/v2\/pages\/3744\/revisions"}],"wp:attachment":[{"href":"https:\/\/twopagency.com\/ca\/wp-json\/wp\/v2\/media?parent=3744"}],"curies":[{"name":"wp","href":"https:\/\/api.w.org\/{rel}","templated":true}]}}