{"id":3723,"date":"2025-05-13T09:48:20","date_gmt":"2025-05-13T07:48:20","guid":{"rendered":"https:\/\/twopagency.com\/gestio-xarxes-socials\/"},"modified":"2025-11-19T19:05:50","modified_gmt":"2025-11-19T18:05:50","slug":"gestio-xarxes-socials","status":"publish","type":"page","link":"https:\/\/twopagency.com\/ca\/gestio-xarxes-socials\/","title":{"rendered":"Gesti\u00f3 Xarxes Socials"},"content":{"rendered":"\t\t<div data-elementor-type=\"wp-page\" data-elementor-id=\"3723\" class=\"elementor elementor-3723 elementor-1417\" data-elementor-post-type=\"page\">\n\t\t\t\t<div class=\"elementor-element elementor-element-4dfc2deb e-flex e-con-boxed e-con e-parent\" data-id=\"4dfc2deb\" data-element_type=\"container\" data-e-type=\"container\" data-settings=\"{&quot;background_background&quot;:&quot;gradient&quot;}\">\n\t\t\t\t\t<div class=\"e-con-inner\">\n\t\t<div class=\"elementor-element elementor-element-cd2086a e-con-full e-flex elementor-invisible e-con e-child\" data-id=\"cd2086a\" data-element_type=\"container\" data-e-type=\"container\" data-settings=\"{&quot;animation&quot;:&quot;fadeInRight&quot;}\">\n\t\t\t\t<div class=\"elementor-element elementor-element-8be680c elementor-invisible elementor-widget elementor-widget-heading\" data-id=\"8be680c\" data-element_type=\"widget\" data-e-type=\"widget\" data-settings=\"{&quot;_animation&quot;:&quot;fadeInUp&quot;}\" data-widget_type=\"heading.default\">\n\t\t\t\t<div class=\"elementor-widget-container\">\n\t\t\t\t\t<h2 class=\"elementor-heading-title elementor-size-default\">Xarxes Socials<\/h2>\t\t\t\t<\/div>\n\t\t\t\t<\/div>\n\t\t\t\t<div class=\"elementor-element elementor-element-fa60237 elementor-widget elementor-widget-heading\" data-id=\"fa60237\" data-element_type=\"widget\" data-e-type=\"widget\" data-widget_type=\"heading.default\">\n\t\t\t\t<div class=\"elementor-widget-container\">\n\t\t\t\t\t<h1 class=\"elementor-heading-title elementor-size-default\">Gesti\u00f3 de Xarxes Socials per a Empreses<\/h1>\t\t\t\t<\/div>\n\t\t\t\t<\/div>\n\t\t\t\t<div class=\"elementor-element elementor-element-2472a0a elementor-widget elementor-widget-text-editor\" data-id=\"2472a0a\" data-element_type=\"widget\" data-e-type=\"widget\" data-widget_type=\"text-editor.default\">\n\t\t\t\t<div class=\"elementor-widget-container\">\n\t\t\t\t\t\t\t\t\t<p class=\"\" data-start=\"276\" data-end=\"467\">En un m\u00f3n on la pres\u00e8ncia digital ho \u00e9s tot, les xarxes socials han esdevingut un canal imprescindible per connectar amb els teus clients, construir comunitat i fer cr\u00e9ixer la teva marca.<\/p><p> <\/p><p class=\"\" data-start=\"469\" data-end=\"751\">A <strong data-start=\"472\" data-end=\"493\">2P Digital Agency<\/strong> t&#8217;ajudem a transformar els teus perfils en potents eines de m\u00e0rqueting. Dissenyem estrat\u00e8gies personalitzades, creem contingut professional i gestionem les teves xarxes de forma integral perqu\u00e8 tu puguis centrar-te en all\u00f2 que realment importa: el teu negoci. <\/p>\t\t\t\t\t\t\t\t<\/div>\n\t\t\t\t<\/div>\n\t\t<div class=\"elementor-element elementor-element-3ec3f1c e-flex e-con-boxed e-con e-child\" data-id=\"3ec3f1c\" data-element_type=\"container\" data-e-type=\"container\">\n\t\t\t\t\t<div class=\"e-con-inner\">\n\t\t\t\t<div class=\"elementor-element elementor-element-c8600ba swipe-button elementor-widget elementor-widget-button\" data-id=\"c8600ba\" data-element_type=\"widget\" data-e-type=\"widget\" data-widget_type=\"button.default\">\n\t\t\t\t<div class=\"elementor-widget-container\">\n\t\t\t\t\t\t\t\t\t<div class=\"elementor-button-wrapper\">\n\t\t\t\t\t<a class=\"elementor-button elementor-button-link elementor-size-md\" href=\"https:\/\/twopagency.com\/solicita-tu-presupuesto\/\">\n\t\t\t\t\t\t<span class=\"elementor-button-content-wrapper\">\n\t\t\t\t\t\t<span class=\"elementor-button-icon\">\n\t\t\t\t<svg aria-hidden=\"true\" class=\"e-font-icon-svg e-fas-arrow-circle-right\" viewBox=\"0 0 512 512\" xmlns=\"http:\/\/www.w3.org\/2000\/svg\"><path d=\"M256 8c137 0 248 111 248 248S393 504 256 504 8 393 8 256 119 8 256 8zm-28.9 143.6l75.5 72.4H120c-13.3 0-24 10.7-24 24v16c0 13.3 10.7 24 24 24h182.6l-75.5 72.4c-9.7 9.3-9.9 24.8-.4 34.3l11 10.9c9.4 9.4 24.6 9.4 33.9 0L404.3 273c9.4-9.4 9.4-24.6 0-33.9L271.6 106.3c-9.4-9.4-24.6-9.4-33.9 0l-11 10.9c-9.5 9.6-9.3 25.1.4 34.4z\"><\/path><\/svg>\t\t\t<\/span>\n\t\t\t\t\t\t\t\t\t<span class=\"elementor-button-text\">Demana el teu pressupost  <\/span>\n\t\t\t\t\t<\/span>\n\t\t\t\t\t<\/a>\n\t\t\t\t<\/div>\n\t\t\t\t\t\t\t\t<\/div>\n\t\t\t\t<\/div>\n\t\t\t\t\t<\/div>\n\t\t\t\t<\/div>\n\t\t\t\t<\/div>\n\t\t\t\t<div class=\"elementor-element elementor-element-e64cd7e elementor-widget__width-initial elementor-widget-mobile__width-auto elementor-widget elementor-widget-image\" data-id=\"e64cd7e\" data-element_type=\"widget\" data-e-type=\"widget\" data-widget_type=\"image.default\">\n\t\t\t\t<div class=\"elementor-widget-container\">\n\t\t\t\t\t\t\t\t\t\t\t\t\t\t\t<img fetchpriority=\"high\" decoding=\"async\" width=\"800\" height=\"800\" src=\"https:\/\/spcdn.shortpixel.ai\/spio\/ret_img,q_cdnize,to_auto,s_webp:avif\/twopagency.com\/wp-content\/uploads\/2025\/05\/9_1-1024x1024.webp\" class=\"attachment-large size-large wp-image-3299\" alt=\"\" srcset=\"https:\/\/spcdn.shortpixel.ai\/spio\/ret_img,q_cdnize,to_auto,s_webp:avif\/twopagency.com\/wp-content\/uploads\/2025\/05\/9_1-1024x1024.webp 1024w, https:\/\/spcdn.shortpixel.ai\/spio\/ret_img,q_cdnize,to_auto,s_webp:avif\/twopagency.com\/wp-content\/uploads\/2025\/05\/9_1-300x300.webp 300w, https:\/\/spcdn.shortpixel.ai\/spio\/ret_img,q_cdnize,to_auto,s_webp:avif\/twopagency.com\/wp-content\/uploads\/2025\/05\/9_1-150x150.webp 150w, https:\/\/spcdn.shortpixel.ai\/spio\/ret_img,q_cdnize,to_auto,s_webp:avif\/twopagency.com\/wp-content\/uploads\/2025\/05\/9_1-768x768.webp 768w, https:\/\/spcdn.shortpixel.ai\/spio\/ret_img,q_cdnize,to_auto,s_webp:avif\/twopagency.com\/wp-content\/uploads\/2025\/05\/9_1-1536x1536.webp 1536w, https:\/\/spcdn.shortpixel.ai\/spio\/ret_img,q_cdnize,to_auto,s_webp:avif\/twopagency.com\/wp-content\/uploads\/2025\/05\/9_1-2048x2048.webp 2048w\" sizes=\"(max-width: 800px) 100vw, 800px\" \/>\t\t\t\t\t\t\t\t\t\t\t\t\t\t\t<\/div>\n\t\t\t\t<\/div>\n\t\t\t\t\t<\/div>\n\t\t\t\t<\/div>\n\t\t<div class=\"elementor-element elementor-element-a3b45c1 e-flex e-con-boxed e-con e-parent\" data-id=\"a3b45c1\" data-element_type=\"container\" data-e-type=\"container\" data-settings=\"{&quot;background_background&quot;:&quot;classic&quot;}\">\n\t\t\t\t\t<div class=\"e-con-inner\">\n\t\t\t\t<div class=\"elementor-element elementor-element-d8ac83a elementor-widget__width-inherit elementor-invisible elementor-widget elementor-widget-heading\" data-id=\"d8ac83a\" data-element_type=\"widget\" data-e-type=\"widget\" data-settings=\"{&quot;_animation&quot;:&quot;fadeInUp&quot;,&quot;_animation_delay&quot;:200}\" data-widget_type=\"heading.default\">\n\t\t\t\t<div class=\"elementor-widget-container\">\n\t\t\t\t\t<h2 class=\"elementor-heading-title elementor-size-default\">Qu\u00e8 inclou el nostre servei de gesti\u00f3 de xarxes?<\/h2>\t\t\t\t<\/div>\n\t\t\t\t<\/div>\n\t\t<div class=\"elementor-element elementor-element-50a3d97 e-con-full e-flex elementor-invisible e-con e-child\" data-id=\"50a3d97\" data-element_type=\"container\" data-e-type=\"container\" data-settings=\"{&quot;animation&quot;:&quot;fadeInLeft&quot;}\">\n\t\t\t\t<div class=\"elementor-element elementor-element-3aacc62 elementor-widget__width-initial elementor-widget-mobile__width-inherit elementor-position-top elementor-widget elementor-widget-image-box\" data-id=\"3aacc62\" data-element_type=\"widget\" data-e-type=\"widget\" data-widget_type=\"image-box.default\">\n\t\t\t\t<div class=\"elementor-widget-container\">\n\t\t\t\t\t<div class=\"elementor-image-box-wrapper\"><figure class=\"elementor-image-box-img\"><img decoding=\"async\" width=\"300\" height=\"300\" src=\"https:\/\/twopagency.com\/wp-content\/uploads\/2025\/05\/icono-151-300x300.webp\" class=\"attachment-medium size-medium wp-image-3501\" alt=\"\" srcset=\"https:\/\/twopagency.com\/wp-content\/uploads\/2025\/05\/icono-151-300x300.webp 300w, https:\/\/twopagency.com\/wp-content\/uploads\/2025\/05\/icono-151-1024x1024.webp 1024w, https:\/\/twopagency.com\/wp-content\/uploads\/2025\/05\/icono-151-150x150.webp 150w, https:\/\/twopagency.com\/wp-content\/uploads\/2025\/05\/icono-151-768x768.webp 768w, https:\/\/twopagency.com\/wp-content\/uploads\/2025\/05\/icono-151-1536x1536.webp 1536w, https:\/\/twopagency.com\/wp-content\/uploads\/2025\/05\/icono-151-2048x2048.webp 2048w\" sizes=\"(max-width: 300px) 100vw, 300px\" \/><\/figure><div class=\"elementor-image-box-content\"><h3 class=\"elementor-image-box-title\">Estrat\u00e8gia personalitzada<\/h3><p class=\"elementor-image-box-description\">Analitzem el teu negoci, els teus objectius i el teu p\u00fablic per definir una estrat\u00e8gia s\u00f2lida i efica\u00e7 a les xarxes socials.\n\n<\/p><\/div><\/div>\t\t\t\t<\/div>\n\t\t\t\t<\/div>\n\t\t\t\t<div class=\"elementor-element elementor-element-7817c42 elementor-widget__width-initial elementor-widget-mobile__width-inherit elementor-position-top elementor-widget elementor-widget-image-box\" data-id=\"7817c42\" data-element_type=\"widget\" data-e-type=\"widget\" data-widget_type=\"image-box.default\">\n\t\t\t\t<div class=\"elementor-widget-container\">\n\t\t\t\t\t<div class=\"elementor-image-box-wrapper\"><figure class=\"elementor-image-box-img\"><img decoding=\"async\" width=\"300\" height=\"300\" src=\"https:\/\/twopagency.com\/wp-content\/uploads\/2025\/05\/icono-150-300x300.webp\" class=\"attachment-medium size-medium wp-image-3497\" alt=\"\" srcset=\"https:\/\/twopagency.com\/wp-content\/uploads\/2025\/05\/icono-150-300x300.webp 300w, https:\/\/twopagency.com\/wp-content\/uploads\/2025\/05\/icono-150-1024x1024.webp 1024w, https:\/\/twopagency.com\/wp-content\/uploads\/2025\/05\/icono-150-150x150.webp 150w, https:\/\/twopagency.com\/wp-content\/uploads\/2025\/05\/icono-150-768x768.webp 768w, https:\/\/twopagency.com\/wp-content\/uploads\/2025\/05\/icono-150-1536x1536.webp 1536w, https:\/\/twopagency.com\/wp-content\/uploads\/2025\/05\/icono-150-2048x2048.webp 2048w\" sizes=\"(max-width: 300px) 100vw, 300px\" \/><\/figure><div class=\"elementor-image-box-content\"><h3 class=\"elementor-image-box-title\">Calendari editorial mensual<\/h3><p class=\"elementor-image-box-description\">Planifiquem totes les publicacions del mes amb antelaci\u00f3 per garantir coher\u00e8ncia, freq\u00fc\u00e8ncia i alineaci\u00f3 amb les campanyes i objectius.\n\n<\/p><\/div><\/div>\t\t\t\t<\/div>\n\t\t\t\t<\/div>\n\t\t\t\t<div class=\"elementor-element elementor-element-e69ce54 elementor-widget__width-initial elementor-widget-mobile__width-inherit elementor-position-top elementor-widget elementor-widget-image-box\" data-id=\"e69ce54\" data-element_type=\"widget\" data-e-type=\"widget\" data-widget_type=\"image-box.default\">\n\t\t\t\t<div class=\"elementor-widget-container\">\n\t\t\t\t\t<div class=\"elementor-image-box-wrapper\"><figure class=\"elementor-image-box-img\"><img loading=\"lazy\" decoding=\"async\" width=\"300\" height=\"300\" src=\"https:\/\/twopagency.com\/wp-content\/uploads\/2025\/05\/31_1-300x300.webp\" class=\"attachment-medium size-medium wp-image-3182\" alt=\"\" srcset=\"https:\/\/twopagency.com\/wp-content\/uploads\/2025\/05\/31_1-300x300.webp 300w, https:\/\/twopagency.com\/wp-content\/uploads\/2025\/05\/31_1-1024x1024.webp 1024w, https:\/\/twopagency.com\/wp-content\/uploads\/2025\/05\/31_1-150x150.webp 150w, https:\/\/twopagency.com\/wp-content\/uploads\/2025\/05\/31_1-768x768.webp 768w, https:\/\/twopagency.com\/wp-content\/uploads\/2025\/05\/31_1-1536x1536.webp 1536w, https:\/\/twopagency.com\/wp-content\/uploads\/2025\/05\/31_1-2048x2048.webp 2048w\" sizes=\"(max-width: 300px) 100vw, 300px\" \/><\/figure><div class=\"elementor-image-box-content\"><h3 class=\"elementor-image-box-title\">Disseny gr\u00e0fic i copywriting<\/h3><p class=\"elementor-image-box-description\">Creem imatges impactants i textos que connecten i converteixen, seguint la identitat visual de la teva marca.\n\n<\/p><\/div><\/div>\t\t\t\t<\/div>\n\t\t\t\t<\/div>\n\t\t\t\t<div class=\"elementor-element elementor-element-f1ca1ed elementor-widget__width-initial elementor-widget-mobile__width-inherit elementor-position-top elementor-widget elementor-widget-image-box\" data-id=\"f1ca1ed\" data-element_type=\"widget\" data-e-type=\"widget\" data-widget_type=\"image-box.default\">\n\t\t\t\t<div class=\"elementor-widget-container\">\n\t\t\t\t\t<div class=\"elementor-image-box-wrapper\"><figure class=\"elementor-image-box-img\"><img loading=\"lazy\" decoding=\"async\" width=\"300\" height=\"300\" src=\"https:\/\/twopagency.com\/wp-content\/uploads\/2025\/05\/icono-117-300x300.webp\" class=\"attachment-medium size-medium wp-image-3464\" alt=\"\" srcset=\"https:\/\/twopagency.com\/wp-content\/uploads\/2025\/05\/icono-117-300x300.webp 300w, https:\/\/twopagency.com\/wp-content\/uploads\/2025\/05\/icono-117-1024x1024.webp 1024w, https:\/\/twopagency.com\/wp-content\/uploads\/2025\/05\/icono-117-150x150.webp 150w, https:\/\/twopagency.com\/wp-content\/uploads\/2025\/05\/icono-117-768x768.webp 768w, https:\/\/twopagency.com\/wp-content\/uploads\/2025\/05\/icono-117-1536x1536.webp 1536w, https:\/\/twopagency.com\/wp-content\/uploads\/2025\/05\/icono-117-2048x2048.webp 2048w\" sizes=\"(max-width: 300px) 100vw, 300px\" \/><\/figure><div class=\"elementor-image-box-content\"><h3 class=\"elementor-image-box-title\">Gesti\u00f3 di\u00e0ria de perfils<\/h3><p class=\"elementor-image-box-description\">Ens encarreguem de programar, publicar i mantenir actualitzades les xarxes socials amb contingut rellevant.\n\n<\/p><\/div><\/div>\t\t\t\t<\/div>\n\t\t\t\t<\/div>\n\t\t\t\t<div class=\"elementor-element elementor-element-a692456 elementor-widget__width-initial elementor-widget-mobile__width-inherit elementor-position-top elementor-widget elementor-widget-image-box\" data-id=\"a692456\" data-element_type=\"widget\" data-e-type=\"widget\" data-widget_type=\"image-box.default\">\n\t\t\t\t<div class=\"elementor-widget-container\">\n\t\t\t\t\t<div class=\"elementor-image-box-wrapper\"><figure class=\"elementor-image-box-img\"><img loading=\"lazy\" decoding=\"async\" width=\"300\" height=\"300\" src=\"https:\/\/twopagency.com\/wp-content\/uploads\/2025\/05\/icono-145-300x300.webp\" class=\"attachment-medium size-medium wp-image-3492\" alt=\"\" srcset=\"https:\/\/twopagency.com\/wp-content\/uploads\/2025\/05\/icono-145-300x300.webp 300w, https:\/\/twopagency.com\/wp-content\/uploads\/2025\/05\/icono-145-1024x1024.webp 1024w, https:\/\/twopagency.com\/wp-content\/uploads\/2025\/05\/icono-145-150x150.webp 150w, https:\/\/twopagency.com\/wp-content\/uploads\/2025\/05\/icono-145-768x768.webp 768w, https:\/\/twopagency.com\/wp-content\/uploads\/2025\/05\/icono-145-1536x1536.webp 1536w, https:\/\/twopagency.com\/wp-content\/uploads\/2025\/05\/icono-145-2048x2048.webp 2048w\" sizes=\"(max-width: 300px) 100vw, 300px\" \/><\/figure><div class=\"elementor-image-box-content\"><h3 class=\"elementor-image-box-title\">Monitoritzaci\u00f3 i atenci\u00f3 a la comunitat<\/h3><p class=\"elementor-image-box-description\">Responem a missatges, comentaris i fomentem la interacci\u00f3 amb la teva comunitat per generar engagement i fidelitat.\n\n<\/p><\/div><\/div>\t\t\t\t<\/div>\n\t\t\t\t<\/div>\n\t\t\t\t<div class=\"elementor-element elementor-element-d99ab31 elementor-widget__width-initial elementor-widget-mobile__width-inherit elementor-position-top elementor-widget elementor-widget-image-box\" data-id=\"d99ab31\" data-element_type=\"widget\" data-e-type=\"widget\" data-widget_type=\"image-box.default\">\n\t\t\t\t<div class=\"elementor-widget-container\">\n\t\t\t\t\t<div class=\"elementor-image-box-wrapper\"><figure class=\"elementor-image-box-img\"><img loading=\"lazy\" decoding=\"async\" width=\"300\" height=\"300\" src=\"https:\/\/twopagency.com\/wp-content\/uploads\/2025\/05\/icono-154-300x300.webp\" class=\"attachment-medium size-medium wp-image-3504\" alt=\"\" srcset=\"https:\/\/twopagency.com\/wp-content\/uploads\/2025\/05\/icono-154-300x300.webp 300w, https:\/\/twopagency.com\/wp-content\/uploads\/2025\/05\/icono-154-1024x1024.webp 1024w, https:\/\/twopagency.com\/wp-content\/uploads\/2025\/05\/icono-154-150x150.webp 150w, https:\/\/twopagency.com\/wp-content\/uploads\/2025\/05\/icono-154-768x768.webp 768w, https:\/\/twopagency.com\/wp-content\/uploads\/2025\/05\/icono-154-1536x1536.webp 1536w, https:\/\/twopagency.com\/wp-content\/uploads\/2025\/05\/icono-154-2048x2048.webp 2048w\" sizes=\"(max-width: 300px) 100vw, 300px\" \/><\/figure><div class=\"elementor-image-box-content\"><h3 class=\"elementor-image-box-title\">Informes i an\u00e0lisi de resultats<\/h3><p class=\"elementor-image-box-description\">T'entreguem un informe mensual amb les m\u00e8triques clau, el rendiment de les publicacions i oportunitats de millora.\n\n<\/p><\/div><\/div>\t\t\t\t<\/div>\n\t\t\t\t<\/div>\n\t\t\t\t<\/div>\n\t\t\t\t\t<\/div>\n\t\t\t\t<\/div>\n\t\t<div class=\"elementor-element elementor-element-526a0de e-flex e-con-boxed e-con e-parent\" data-id=\"526a0de\" data-element_type=\"container\" data-e-type=\"container\" data-settings=\"{&quot;background_background&quot;:&quot;classic&quot;}\">\n\t\t\t\t\t<div class=\"e-con-inner\">\n\t\t<div class=\"elementor-element elementor-element-8fc4ac1 e-con-full e-flex e-con e-child\" data-id=\"8fc4ac1\" data-element_type=\"container\" data-e-type=\"container\">\n\t\t\t\t<div class=\"elementor-element elementor-element-c656964 elementor-widget elementor-widget-heading\" data-id=\"c656964\" data-element_type=\"widget\" data-e-type=\"widget\" data-widget_type=\"heading.default\">\n\t\t\t\t<div class=\"elementor-widget-container\">\n\t\t\t\t\t<h2 class=\"elementor-heading-title elementor-size-default\">Plataformes que treballem<\/h2>\t\t\t\t<\/div>\n\t\t\t\t<\/div>\n\t\t\t\t<div class=\"elementor-element elementor-element-eb95081 elementor-icon-list--layout-traditional elementor-list-item-link-full_width elementor-widget elementor-widget-icon-list\" data-id=\"eb95081\" data-element_type=\"widget\" data-e-type=\"widget\" data-widget_type=\"icon-list.default\">\n\t\t\t\t<div class=\"elementor-widget-container\">\n\t\t\t\t\t\t\t<ul class=\"elementor-icon-list-items\">\n\t\t\t\t\t\t\t<li class=\"elementor-icon-list-item\">\n\t\t\t\t\t\t\t\t\t\t\t<span class=\"elementor-icon-list-icon\">\n\t\t\t\t\t\t\t<svg aria-hidden=\"true\" class=\"e-font-icon-svg e-fab-instagram\" viewBox=\"0 0 448 512\" xmlns=\"http:\/\/www.w3.org\/2000\/svg\"><path d=\"M224.1 141c-63.6 0-114.9 51.3-114.9 114.9s51.3 114.9 114.9 114.9S339 319.5 339 255.9 287.7 141 224.1 141zm0 189.6c-41.1 0-74.7-33.5-74.7-74.7s33.5-74.7 74.7-74.7 74.7 33.5 74.7 74.7-33.6 74.7-74.7 74.7zm146.4-194.3c0 14.9-12 26.8-26.8 26.8-14.9 0-26.8-12-26.8-26.8s12-26.8 26.8-26.8 26.8 12 26.8 26.8zm76.1 27.2c-1.7-35.9-9.9-67.7-36.2-93.9-26.2-26.2-58-34.4-93.9-36.2-37-2.1-147.9-2.1-184.9 0-35.8 1.7-67.6 9.9-93.9 36.1s-34.4 58-36.2 93.9c-2.1 37-2.1 147.9 0 184.9 1.7 35.9 9.9 67.7 36.2 93.9s58 34.4 93.9 36.2c37 2.1 147.9 2.1 184.9 0 35.9-1.7 67.7-9.9 93.9-36.2 26.2-26.2 34.4-58 36.2-93.9 2.1-37 2.1-147.8 0-184.8zM398.8 388c-7.8 19.6-22.9 34.7-42.6 42.6-29.5 11.7-99.5 9-132.1 9s-102.7 2.6-132.1-9c-19.6-7.8-34.7-22.9-42.6-42.6-11.7-29.5-9-99.5-9-132.1s-2.6-102.7 9-132.1c7.8-19.6 22.9-34.7 42.6-42.6 29.5-11.7 99.5-9 132.1-9s102.7-2.6 132.1 9c19.6 7.8 34.7 22.9 42.6 42.6 11.7 29.5 9 99.5 9 132.1s2.7 102.7-9 132.1z\"><\/path><\/svg>\t\t\t\t\t\t<\/span>\n\t\t\t\t\t\t\t\t\t\t<span class=\"elementor-icon-list-text\">Instagram<\/span>\n\t\t\t\t\t\t\t\t\t<\/li>\n\t\t\t\t\t\t\t\t<li class=\"elementor-icon-list-item\">\n\t\t\t\t\t\t\t\t\t\t\t<span class=\"elementor-icon-list-icon\">\n\t\t\t\t\t\t\t<svg aria-hidden=\"true\" class=\"e-font-icon-svg e-fab-facebook\" viewBox=\"0 0 512 512\" xmlns=\"http:\/\/www.w3.org\/2000\/svg\"><path d=\"M504 256C504 119 393 8 256 8S8 119 8 256c0 123.78 90.69 226.38 209.25 245V327.69h-63V256h63v-54.64c0-62.15 37-96.48 93.67-96.48 27.14 0 55.52 4.84 55.52 4.84v61h-31.28c-30.8 0-40.41 19.12-40.41 38.73V256h68.78l-11 71.69h-57.78V501C413.31 482.38 504 379.78 504 256z\"><\/path><\/svg>\t\t\t\t\t\t<\/span>\n\t\t\t\t\t\t\t\t\t\t<span class=\"elementor-icon-list-text\">Facebook<\/span>\n\t\t\t\t\t\t\t\t\t<\/li>\n\t\t\t\t\t\t\t\t<li class=\"elementor-icon-list-item\">\n\t\t\t\t\t\t\t\t\t\t\t<span class=\"elementor-icon-list-icon\">\n\t\t\t\t\t\t\t<svg aria-hidden=\"true\" class=\"e-font-icon-svg e-fab-linkedin\" viewBox=\"0 0 448 512\" xmlns=\"http:\/\/www.w3.org\/2000\/svg\"><path d=\"M416 32H31.9C14.3 32 0 46.5 0 64.3v383.4C0 465.5 14.3 480 31.9 480H416c17.6 0 32-14.5 32-32.3V64.3c0-17.8-14.4-32.3-32-32.3zM135.4 416H69V202.2h66.5V416zm-33.2-243c-21.3 0-38.5-17.3-38.5-38.5S80.9 96 102.2 96c21.2 0 38.5 17.3 38.5 38.5 0 21.3-17.2 38.5-38.5 38.5zm282.1 243h-66.4V312c0-24.8-.5-56.7-34.5-56.7-34.6 0-39.9 27-39.9 54.9V416h-66.4V202.2h63.7v29.2h.9c8.9-16.8 30.6-34.5 62.9-34.5 67.2 0 79.7 44.3 79.7 101.9V416z\"><\/path><\/svg>\t\t\t\t\t\t<\/span>\n\t\t\t\t\t\t\t\t\t\t<span class=\"elementor-icon-list-text\">Linkedin<\/span>\n\t\t\t\t\t\t\t\t\t<\/li>\n\t\t\t\t\t\t\t\t<li class=\"elementor-icon-list-item\">\n\t\t\t\t\t\t\t\t\t\t\t<span class=\"elementor-icon-list-icon\">\n\t\t\t\t\t\t\t<svg aria-hidden=\"true\" class=\"e-font-icon-svg e-fab-tiktok\" viewBox=\"0 0 448 512\" xmlns=\"http:\/\/www.w3.org\/2000\/svg\"><path d=\"M448,209.91a210.06,210.06,0,0,1-122.77-39.25V349.38A162.55,162.55,0,1,1,185,188.31V278.2a74.62,74.62,0,1,0,52.23,71.18V0l88,0a121.18,121.18,0,0,0,1.86,22.17h0A122.18,122.18,0,0,0,381,102.39a121.43,121.43,0,0,0,67,20.14Z\"><\/path><\/svg>\t\t\t\t\t\t<\/span>\n\t\t\t\t\t\t\t\t\t\t<span class=\"elementor-icon-list-text\">Tktok<\/span>\n\t\t\t\t\t\t\t\t\t<\/li>\n\t\t\t\t\t\t<\/ul>\n\t\t\t\t\t\t<\/div>\n\t\t\t\t<\/div>\n\t\t\t\t<\/div>\n\t\t<div class=\"elementor-element elementor-element-efea8ee e-con-full e-flex e-con e-child\" data-id=\"efea8ee\" data-element_type=\"container\" data-e-type=\"container\">\n\t\t\t\t<div class=\"elementor-element elementor-element-778e8e6 elementor-widget elementor-widget-heading\" data-id=\"778e8e6\" data-element_type=\"widget\" data-e-type=\"widget\" data-widget_type=\"heading.default\">\n\t\t\t\t<div class=\"elementor-widget-container\">\n\t\t\t\t\t<h2 class=\"elementor-heading-title elementor-size-default\">Beneficis de delegar les teves xarxes<\/h2>\t\t\t\t<\/div>\n\t\t\t\t<\/div>\n\t\t\t\t<div class=\"elementor-element elementor-element-5198d59 elementor-icon-list--layout-traditional elementor-list-item-link-full_width elementor-widget elementor-widget-icon-list\" data-id=\"5198d59\" data-element_type=\"widget\" data-e-type=\"widget\" data-widget_type=\"icon-list.default\">\n\t\t\t\t<div class=\"elementor-widget-container\">\n\t\t\t\t\t\t\t<ul class=\"elementor-icon-list-items\">\n\t\t\t\t\t\t\t<li class=\"elementor-icon-list-item\">\n\t\t\t\t\t\t\t\t\t\t\t<span class=\"elementor-icon-list-icon\">\n\t\t\t\t\t\t\t<i aria-hidden=\"true\" class=\"icofont icofont-tick-mark\"><\/i>\t\t\t\t\t\t<\/span>\n\t\t\t\t\t\t\t\t\t\t<span class=\"elementor-icon-list-text\">Major visibilitat i pres\u00e8ncia de marca<\/span>\n\t\t\t\t\t\t\t\t\t<\/li>\n\t\t\t\t\t\t\t\t<li class=\"elementor-icon-list-item\">\n\t\t\t\t\t\t\t\t\t\t\t<span class=\"elementor-icon-list-icon\">\n\t\t\t\t\t\t\t<i aria-hidden=\"true\" class=\"icofont icofont-tick-mark\"><\/i>\t\t\t\t\t\t<\/span>\n\t\t\t\t\t\t\t\t\t\t<span class=\"elementor-icon-list-text\">Creixement org\u00e0nic de seguidors qualificats<\/span>\n\t\t\t\t\t\t\t\t\t<\/li>\n\t\t\t\t\t\t\t\t<li class=\"elementor-icon-list-item\">\n\t\t\t\t\t\t\t\t\t\t\t<span class=\"elementor-icon-list-icon\">\n\t\t\t\t\t\t\t<i aria-hidden=\"true\" class=\"icofont icofont-tick-mark\"><\/i>\t\t\t\t\t\t<\/span>\n\t\t\t\t\t\t\t\t\t\t<span class=\"elementor-icon-list-text\">Contingut coherent i professional<\/span>\n\t\t\t\t\t\t\t\t\t<\/li>\n\t\t\t\t\t\t\t\t<li class=\"elementor-icon-list-item\">\n\t\t\t\t\t\t\t\t\t\t\t<span class=\"elementor-icon-list-icon\">\n\t\t\t\t\t\t\t<i aria-hidden=\"true\" class=\"icofont icofont-tick-mark\"><\/i>\t\t\t\t\t\t<\/span>\n\t\t\t\t\t\t\t\t\t\t<span class=\"elementor-icon-list-text\">Estalvi de temps i recursos interns<\/span>\n\t\t\t\t\t\t\t\t\t<\/li>\n\t\t\t\t\t\t<\/ul>\n\t\t\t\t\t\t<\/div>\n\t\t\t\t<\/div>\n\t\t\t\t<\/div>\n\t\t\t\t\t<\/div>\n\t\t\t\t<\/div>\n\t\t\t\t<\/div>\n\t\t","protected":false},"excerpt":{"rendered":"<p>Xarxes Socials Gesti\u00f3 de Xarxes Socials per a Empreses En un m\u00f3n on la pres\u00e8ncia digital ho \u00e9s tot, les xarxes socials han esdevingut un canal imprescindible per connectar amb els teus clients, construir comunitat i fer cr\u00e9ixer la teva marca. A 2P Digital Agency t&#8217;ajudem a transformar els teus perfils en potents eines de [&hellip;]<\/p>\n","protected":false},"author":5,"featured_media":0,"parent":0,"menu_order":0,"comment_status":"closed","ping_status":"closed","template":"","meta":{"footnotes":""},"class_list":["post-3723","page","type-page","status-publish","hentry"],"_links":{"self":[{"href":"https:\/\/twopagency.com\/ca\/wp-json\/wp\/v2\/pages\/3723","targetHints":{"allow":["GET"]}}],"collection":[{"href":"https:\/\/twopagency.com\/ca\/wp-json\/wp\/v2\/pages"}],"about":[{"href":"https:\/\/twopagency.com\/ca\/wp-json\/wp\/v2\/types\/page"}],"author":[{"embeddable":true,"href":"https:\/\/twopagency.com\/ca\/wp-json\/wp\/v2\/users\/5"}],"replies":[{"embeddable":true,"href":"https:\/\/twopagency.com\/ca\/wp-json\/wp\/v2\/comments?post=3723"}],"version-history":[{"count":3,"href":"https:\/\/twopagency.com\/ca\/wp-json\/wp\/v2\/pages\/3723\/revisions"}],"predecessor-version":[{"id":4420,"href":"https:\/\/twopagency.com\/ca\/wp-json\/wp\/v2\/pages\/3723\/revisions\/4420"}],"wp:attachment":[{"href":"https:\/\/twopagency.com\/ca\/wp-json\/wp\/v2\/media?parent=3723"}],"curies":[{"name":"wp","href":"https:\/\/api.w.org\/{rel}","templated":true}]}}