{"id":3703,"date":"2025-03-13T20:42:51","date_gmt":"2025-03-13T19:42:51","guid":{"rendered":"https:\/\/twopagency.com\/contacte\/"},"modified":"2025-11-20T16:24:27","modified_gmt":"2025-11-20T15:24:27","slug":"contacte","status":"publish","type":"page","link":"https:\/\/twopagency.com\/ca\/contacte\/","title":{"rendered":"Contacte"},"content":{"rendered":"\t\t<div data-elementor-type=\"wp-page\" data-elementor-id=\"3703\" class=\"elementor elementor-3703 elementor-110\" data-elementor-post-type=\"page\">\n\t\t\t\t<div class=\"elementor-element elementor-element-1affebe9 e-flex e-con-boxed e-con e-parent\" data-id=\"1affebe9\" data-element_type=\"container\" data-e-type=\"container\" data-settings=\"{&quot;background_background&quot;:&quot;gradient&quot;}\">\n\t\t\t\t\t<div class=\"e-con-inner\">\n\t\t<div class=\"elementor-element elementor-element-238b79cc e-flex e-con-boxed e-con e-child\" data-id=\"238b79cc\" data-element_type=\"container\" data-e-type=\"container\">\n\t\t\t\t\t<div class=\"e-con-inner\">\n\t\t\t\t<div class=\"elementor-element elementor-element-666a772c elementor-invisible elementor-widget elementor-widget-heading\" data-id=\"666a772c\" data-element_type=\"widget\" data-e-type=\"widget\" data-settings=\"{&quot;_animation&quot;:&quot;fadeInUp&quot;}\" data-widget_type=\"heading.default\">\n\t\t\t\t<div class=\"elementor-widget-container\">\n\t\t\t\t\t<h1 class=\"elementor-heading-title elementor-size-default\">Contacte<\/h1>\t\t\t\t<\/div>\n\t\t\t\t<\/div>\n\t\t\t\t<div class=\"elementor-element elementor-element-4dfdbcf1 elementor-invisible elementor-widget elementor-widget-heading\" data-id=\"4dfdbcf1\" data-element_type=\"widget\" data-e-type=\"widget\" data-settings=\"{&quot;_animation&quot;:&quot;fadeInUp&quot;,&quot;_animation_delay&quot;:200}\" data-widget_type=\"heading.default\">\n\t\t\t\t<div class=\"elementor-widget-container\">\n\t\t\t\t\t<h4 class=\"elementor-heading-title elementor-size-default\">Explica'ns la teva idea, t'ajudem a fer-la realitat.\n\n<\/h4>\t\t\t\t<\/div>\n\t\t\t\t<\/div>\n\t\t\t\t\t<\/div>\n\t\t\t\t<\/div>\n\t\t\t\t\t<\/div>\n\t\t\t\t<\/div>\n\t\t<div class=\"elementor-element elementor-element-4f97b994 e-flex e-con-boxed e-con e-parent\" data-id=\"4f97b994\" data-element_type=\"container\" data-e-type=\"container\">\n\t\t\t\t\t<div class=\"e-con-inner\">\n\t\t<div class=\"elementor-element elementor-element-39ece61c e-con-full e-flex e-con e-child\" data-id=\"39ece61c\" data-element_type=\"container\" data-e-type=\"container\">\n\t\t\t\t<div class=\"elementor-element elementor-element-5f06f0d8 elementor-invisible elementor-widget elementor-widget-image\" data-id=\"5f06f0d8\" data-element_type=\"widget\" data-e-type=\"widget\" data-settings=\"{&quot;_animation&quot;:&quot;bounceInUp&quot;}\" data-widget_type=\"image.default\">\n\t\t\t\t<div class=\"elementor-widget-container\">\n\t\t\t\t\t\t\t\t\t\t\t\t\t\t\t<img fetchpriority=\"high\" decoding=\"async\" width=\"800\" height=\"800\" src=\"https:\/\/spcdn.shortpixel.ai\/spio\/ret_img,q_cdnize,to_auto,s_webp:avif\/twopagency.com\/wp-content\/uploads\/2025\/05\/10-Astronaut-drinking-coffe-and-sit-on-moon-1024x1024.webp\" class=\"attachment-large size-large wp-image-3567\" alt=\"\" srcset=\"https:\/\/spcdn.shortpixel.ai\/spio\/ret_img,q_cdnize,to_auto,s_webp:avif\/twopagency.com\/wp-content\/uploads\/2025\/05\/10-Astronaut-drinking-coffe-and-sit-on-moon-1024x1024.webp 1024w, https:\/\/spcdn.shortpixel.ai\/spio\/ret_img,q_cdnize,to_auto,s_webp:avif\/twopagency.com\/wp-content\/uploads\/2025\/05\/10-Astronaut-drinking-coffe-and-sit-on-moon-300x300.webp 300w, https:\/\/spcdn.shortpixel.ai\/spio\/ret_img,q_cdnize,to_auto,s_webp:avif\/twopagency.com\/wp-content\/uploads\/2025\/05\/10-Astronaut-drinking-coffe-and-sit-on-moon-150x150.webp 150w, https:\/\/spcdn.shortpixel.ai\/spio\/ret_img,q_cdnize,to_auto,s_webp:avif\/twopagency.com\/wp-content\/uploads\/2025\/05\/10-Astronaut-drinking-coffe-and-sit-on-moon-768x768.webp 768w, https:\/\/spcdn.shortpixel.ai\/spio\/ret_img,q_cdnize,to_auto,s_webp:avif\/twopagency.com\/wp-content\/uploads\/2025\/05\/10-Astronaut-drinking-coffe-and-sit-on-moon-1536x1536.webp 1536w, https:\/\/spcdn.shortpixel.ai\/spio\/ret_img,q_cdnize,to_auto,s_webp:avif\/twopagency.com\/wp-content\/uploads\/2025\/05\/10-Astronaut-drinking-coffe-and-sit-on-moon-2048x2048.webp 2048w\" sizes=\"(max-width: 800px) 100vw, 800px\" \/>\t\t\t\t\t\t\t\t\t\t\t\t\t\t\t<\/div>\n\t\t\t\t<\/div>\n\t\t\t\t<\/div>\n\t\t<div class=\"elementor-element elementor-element-25a321cc e-con-full e-flex elementor-invisible e-con e-child\" data-id=\"25a321cc\" data-element_type=\"container\" data-e-type=\"container\" data-settings=\"{&quot;background_background&quot;:&quot;gradient&quot;,&quot;animation&quot;:&quot;fadeInRight&quot;}\">\n\t\t<div class=\"elementor-element elementor-element-3992b46c e-con-full e-flex e-con e-child\" data-id=\"3992b46c\" data-element_type=\"container\" data-e-type=\"container\" data-settings=\"{&quot;background_background&quot;:&quot;classic&quot;}\">\n\t\t\t\t<div class=\"elementor-element elementor-element-2f75ac5d elementor-widget elementor-widget-heading\" data-id=\"2f75ac5d\" data-element_type=\"widget\" data-e-type=\"widget\" data-widget_type=\"heading.default\">\n\t\t\t\t<div class=\"elementor-widget-container\">\n\t\t\t\t\t<h2 class=\"elementor-heading-title elementor-size-default\">Parlem?<\/h2>\t\t\t\t<\/div>\n\t\t\t\t<\/div>\n\t\t\t\t<div class=\"elementor-element elementor-element-b46396c elementor-widget elementor-widget-text-editor\" data-id=\"b46396c\" data-element_type=\"widget\" data-e-type=\"widget\" data-widget_type=\"text-editor.default\">\n\t\t\t\t<div class=\"elementor-widget-container\">\n\t\t\t\t\t\t\t\t\t<p>Tens un projecte al cap? A 2P Digital Agency estem aqu\u00ed per ajudar-te. Escriu-nos i et respondrem en menys de 24h per valorar junts com portar la teva marca al seg\u00fcent nivell.  <\/p>\t\t\t\t\t\t\t\t<\/div>\n\t\t\t\t<\/div>\n\t\t\t\t<div class=\"elementor-element elementor-element-3688c3a1 elementor-button-align-start swipe-button elementor-widget elementor-widget-form\" data-id=\"3688c3a1\" data-element_type=\"widget\" data-e-type=\"widget\" data-settings=\"{&quot;step_next_label&quot;:&quot;Next&quot;,&quot;step_previous_label&quot;:&quot;Previous&quot;,&quot;button_width&quot;:&quot;100&quot;,&quot;step_type&quot;:&quot;number_text&quot;,&quot;step_icon_shape&quot;:&quot;circle&quot;}\" data-widget_type=\"form.default\">\n\t\t\t\t<div class=\"elementor-widget-container\">\n\t\t\t\t\t\t\t<form class=\"elementor-form\" method=\"post\" name=\"Contacte\" aria-label=\"Contacte\">\n\t\t\t<input type=\"hidden\" name=\"post_id\" value=\"3703\"\/>\n\t\t\t<input type=\"hidden\" name=\"form_id\" value=\"3688c3a1\"\/>\n\t\t\t<input type=\"hidden\" name=\"referer_title\" value=\"\" \/>\n\n\t\t\t\n\t\t\t<div class=\"elementor-form-fields-wrapper elementor-labels-above\">\n\t\t\t\t\t\t\t\t<div class=\"elementor-field-type-text elementor-field-group elementor-column elementor-field-group-name elementor-col-100 elementor-field-required elementor-mark-required\">\n\t\t\t\t\t\t\t\t\t\t\t\t<label for=\"form-field-name\" class=\"elementor-field-label\">\n\t\t\t\t\t\t\t\tNom\t\t\t\t\t\t\t<\/label>\n\t\t\t\t\t\t\t\t\t\t\t\t\t\t<input size=\"1\" type=\"text\" name=\"form_fields[name]\" id=\"form-field-name\" class=\"elementor-field elementor-size-md  elementor-field-textual\" placeholder=\"Nom\" required=\"required\">\n\t\t\t\t\t\t\t\t\t\t\t<\/div>\n\t\t\t\t\t\t\t\t<div class=\"elementor-field-type-tel elementor-field-group elementor-column elementor-field-group-field_f89a505 elementor-col-50 elementor-field-required elementor-mark-required\">\n\t\t\t\t\t\t\t\t\t\t\t\t<label for=\"form-field-field_f89a505\" class=\"elementor-field-label\">\n\t\t\t\t\t\t\t\tTel\u00e8fon\t\t\t\t\t\t\t<\/label>\n\t\t\t\t\t\t\t\t<input size=\"1\" type=\"tel\" name=\"form_fields[field_f89a505]\" id=\"form-field-field_f89a505\" class=\"elementor-field elementor-size-md  elementor-field-textual\" placeholder=\"Tel\u00e8fon\" required=\"required\" pattern=\"[0-9()#&amp;+*-=.]+\" title=\"Only numbers and phone characters (#, -, *, etc) are accepted.\">\n\n\t\t\t\t\t\t<\/div>\n\t\t\t\t\t\t\t\t<div class=\"elementor-field-type-email elementor-field-group elementor-column elementor-field-group-email elementor-col-50 elementor-field-required elementor-mark-required\">\n\t\t\t\t\t\t\t\t\t\t\t\t<label for=\"form-field-email\" class=\"elementor-field-label\">\n\t\t\t\t\t\t\t\tCorreu electr\u00f2nic\t\t\t\t\t\t\t<\/label>\n\t\t\t\t\t\t\t\t\t\t\t\t\t\t<input size=\"1\" type=\"email\" name=\"form_fields[email]\" id=\"form-field-email\" class=\"elementor-field elementor-size-md  elementor-field-textual\" placeholder=\"Email\" required=\"required\">\n\t\t\t\t\t\t\t\t\t\t\t<\/div>\n\t\t\t\t\t\t\t\t<div class=\"elementor-field-type-text elementor-field-group elementor-column elementor-field-group-field_e6e016c elementor-col-50 elementor-field-required elementor-mark-required\">\n\t\t\t\t\t\t\t\t\t\t\t\t<label for=\"form-field-field_e6e016c\" class=\"elementor-field-label\">\n\t\t\t\t\t\t\t\tEmpresa\t\t\t\t\t\t\t<\/label>\n\t\t\t\t\t\t\t\t\t\t\t\t\t\t<input size=\"1\" type=\"text\" name=\"form_fields[field_e6e016c]\" id=\"form-field-field_e6e016c\" class=\"elementor-field elementor-size-md  elementor-field-textual\" placeholder=\"Empresa\" required=\"required\">\n\t\t\t\t\t\t\t\t\t\t\t<\/div>\n\t\t\t\t\t\t\t\t<div class=\"elementor-field-type-text elementor-field-group elementor-column elementor-field-group-field_83a8728 elementor-col-50\">\n\t\t\t\t\t\t\t\t\t\t\t\t<label for=\"form-field-field_83a8728\" class=\"elementor-field-label\">\n\t\t\t\t\t\t\t\tAdre\u00e7a web\t\t\t\t\t\t\t<\/label>\n\t\t\t\t\t\t\t\t\t\t\t\t\t\t<input size=\"1\" type=\"text\" name=\"form_fields[field_83a8728]\" id=\"form-field-field_83a8728\" class=\"elementor-field elementor-size-md  elementor-field-textual\" placeholder=\"Adre\u00e7a de la web\">\n\t\t\t\t\t\t\t\t\t\t\t<\/div>\n\t\t\t\t\t\t\t\t<div class=\"elementor-field-type-textarea elementor-field-group elementor-column elementor-field-group-message elementor-col-100 elementor-field-required elementor-mark-required\">\n\t\t\t\t\t\t\t\t\t\t\t\t<label for=\"form-field-message\" class=\"elementor-field-label\">\n\t\t\t\t\t\t\t\tMissatge\t\t\t\t\t\t\t<\/label>\n\t\t\t\t\t\t<textarea class=\"elementor-field-textual elementor-field  elementor-size-md\" name=\"form_fields[message]\" id=\"form-field-message\" rows=\"4\" placeholder=\"Missatge\" required=\"required\"><\/textarea>\t\t\t\t<\/div>\n\t\t\t\t\t\t\t\t<div class=\"elementor-field-type-acceptance elementor-field-group elementor-column elementor-field-group-field_a90a694 elementor-col-100 elementor-field-required elementor-mark-required\">\n\t\t\t\t\t\t\t<div class=\"elementor-field-subgroup\">\n\t\t\t<span class=\"elementor-field-option\">\n\t\t\t\t<input type=\"checkbox\" name=\"form_fields[field_a90a694]\" id=\"form-field-field_a90a694\" class=\"elementor-field elementor-size-md  elementor-acceptance-field\" required=\"required\">\n\t\t\t\t<label for=\"form-field-field_a90a694\">Accepto la pol\u00edtica de privadesa<\/label>\t\t\t<\/span>\n\t\t<\/div>\n\t\t\t\t\t\t<\/div>\n\t\t\t\t\t\t\t\t<div class=\"elementor-field-type-recaptcha_v3 elementor-field-group elementor-column elementor-field-group-field_480ba20 elementor-col-100 recaptcha_v3-inline\">\n\t\t\t\t\t<div class=\"elementor-field\" id=\"form-field-field_480ba20\"><div class=\"elementor-g-recaptcha\" data-sitekey=\"6LdxgTgrAAAAAMmKe5TCFDRQ5K9w6yjXdWcaEoL9\" data-type=\"v3\" data-action=\"Form\" data-badge=\"inline\" data-size=\"invisible\"><\/div><\/div>\t\t\t\t<\/div>\n\t\t\t\t\t\t\t\t<div class=\"elementor-field-group elementor-column elementor-field-type-submit elementor-col-100 e-form__buttons\">\n\t\t\t\t\t<button class=\"elementor-button elementor-size-md\" type=\"submit\">\n\t\t\t\t\t\t<span class=\"elementor-button-content-wrapper\">\n\t\t\t\t\t\t\t\t\t\t\t\t\t\t\t<span class=\"elementor-button-icon\">\n\t\t\t\t\t\t\t\t\t<i aria-hidden=\"true\" class=\"mdi mdi-email-outline\"><\/i>\t\t\t\t\t\t\t\t\t\t\t\t\t\t\t\t\t<\/span>\n\t\t\t\t\t\t\t\t\t\t\t\t\t\t\t\t\t\t\t\t\t\t<span class=\"elementor-button-text\">Enviar<\/span>\n\t\t\t\t\t\t\t\t\t\t\t\t\t<\/span>\n\t\t\t\t\t<\/button>\n\t\t\t\t<\/div>\n\t\t\t<\/div>\n\t\t<\/form>\n\t\t\t\t\t\t<\/div>\n\t\t\t\t<\/div>\n\t\t\t\t<\/div>\n\t\t\t\t<\/div>\n\t\t\t\t\t<\/div>\n\t\t\t\t<\/div>\n\t\t<div class=\"elementor-element elementor-element-123b7169 e-flex e-con-boxed e-con e-parent\" data-id=\"123b7169\" data-element_type=\"container\" data-e-type=\"container\" data-settings=\"{&quot;background_background&quot;:&quot;classic&quot;}\">\n\t\t\t\t\t<div class=\"e-con-inner\">\n\t\t<div class=\"elementor-element elementor-element-7936d129 e-flex e-con-boxed e-con e-child\" data-id=\"7936d129\" data-element_type=\"container\" data-e-type=\"container\">\n\t\t\t\t\t<div class=\"e-con-inner\">\n\t\t\t\t<div class=\"elementor-element elementor-element-5ccf71e4 elementor-invisible elementor-widget elementor-widget-heading\" data-id=\"5ccf71e4\" data-element_type=\"widget\" data-e-type=\"widget\" data-settings=\"{&quot;_animation&quot;:&quot;fadeInUp&quot;}\" data-widget_type=\"heading.default\">\n\t\t\t\t<div class=\"elementor-widget-container\">\n\t\t\t\t\t<h6 class=\"elementor-heading-title elementor-size-default\">Parlem<\/h6>\t\t\t\t<\/div>\n\t\t\t\t<\/div>\n\t\t\t\t<div class=\"elementor-element elementor-element-f5bea5 elementor-invisible elementor-widget elementor-widget-heading\" data-id=\"f5bea5\" data-element_type=\"widget\" data-e-type=\"widget\" data-settings=\"{&quot;_animation&quot;:&quot;fadeInUp&quot;,&quot;_animation_delay&quot;:200}\" data-widget_type=\"heading.default\">\n\t\t\t\t<div class=\"elementor-widget-container\">\n\t\t\t\t\t<h2 class=\"elementor-heading-title elementor-size-default\">Estem a un missatge d'ajudar-te a cr\u00e9ixer\n\n<\/h2>\t\t\t\t<\/div>\n\t\t\t\t<\/div>\n\t\t\t\t\t<\/div>\n\t\t\t\t<\/div>\n\t\t<div class=\"elementor-element elementor-element-788a87d e-con-full e-flex elementor-invisible e-con e-child\" data-id=\"788a87d\" data-element_type=\"container\" data-e-type=\"container\" data-settings=\"{&quot;animation&quot;:&quot;fadeInLeft&quot;}\">\n\t\t\t\t<div class=\"elementor-element elementor-element-00735a6 elementor-widget__width-initial elementor-widget-mobile__width-inherit elementor-position-top elementor-widget elementor-widget-image-box\" data-id=\"00735a6\" data-element_type=\"widget\" data-e-type=\"widget\" data-widget_type=\"image-box.default\">\n\t\t\t\t<div class=\"elementor-widget-container\">\n\t\t\t\t\t<div class=\"elementor-image-box-wrapper\"><figure class=\"elementor-image-box-img\"><a href=\"https:\/\/wa.me\/34640325488\" tabindex=\"-1\" target=\"_blank\" rel=\"noopener\"><img decoding=\"async\" width=\"300\" height=\"300\" src=\"https:\/\/twopagency.com\/wp-content\/uploads\/2025\/05\/icono-166-300x300.webp\" class=\"attachment-medium size-medium wp-image-3516\" alt=\"\" srcset=\"https:\/\/twopagency.com\/wp-content\/uploads\/2025\/05\/icono-166-300x300.webp 300w, https:\/\/twopagency.com\/wp-content\/uploads\/2025\/05\/icono-166-1024x1024.webp 1024w, https:\/\/twopagency.com\/wp-content\/uploads\/2025\/05\/icono-166-150x150.webp 150w, https:\/\/twopagency.com\/wp-content\/uploads\/2025\/05\/icono-166-768x768.webp 768w, https:\/\/twopagency.com\/wp-content\/uploads\/2025\/05\/icono-166-1536x1536.webp 1536w, https:\/\/twopagency.com\/wp-content\/uploads\/2025\/05\/icono-166-2048x2048.webp 2048w\" sizes=\"(max-width: 300px) 100vw, 300px\" \/><\/a><\/figure><div class=\"elementor-image-box-content\"><h3 class=\"elementor-image-box-title\"><a href=\"https:\/\/wa.me\/34640325488\" target=\"_blank\" rel=\"noopener\">+34 640 325 488<\/a><\/h3><\/div><\/div>\t\t\t\t<\/div>\n\t\t\t\t<\/div>\n\t\t\t\t<div class=\"elementor-element elementor-element-89bb37e elementor-widget__width-initial elementor-widget-mobile__width-inherit elementor-position-top elementor-widget elementor-widget-image-box\" data-id=\"89bb37e\" data-element_type=\"widget\" data-e-type=\"widget\" data-widget_type=\"image-box.default\">\n\t\t\t\t<div class=\"elementor-widget-container\">\n\t\t\t\t\t<div class=\"elementor-image-box-wrapper\"><figure class=\"elementor-image-box-img\"><a href=\"tel:+34640325488\" tabindex=\"-1\"><img decoding=\"async\" width=\"300\" height=\"300\" src=\"https:\/\/twopagency.com\/wp-content\/uploads\/2025\/05\/icono-24-300x300.webp\" class=\"attachment-medium size-medium wp-image-3378\" alt=\"\" srcset=\"https:\/\/twopagency.com\/wp-content\/uploads\/2025\/05\/icono-24-300x300.webp 300w, https:\/\/twopagency.com\/wp-content\/uploads\/2025\/05\/icono-24-1024x1024.webp 1024w, https:\/\/twopagency.com\/wp-content\/uploads\/2025\/05\/icono-24-150x150.webp 150w, https:\/\/twopagency.com\/wp-content\/uploads\/2025\/05\/icono-24-768x768.webp 768w, https:\/\/twopagency.com\/wp-content\/uploads\/2025\/05\/icono-24-1536x1536.webp 1536w, https:\/\/twopagency.com\/wp-content\/uploads\/2025\/05\/icono-24-2048x2048.webp 2048w\" sizes=\"(max-width: 300px) 100vw, 300px\" \/><\/a><\/figure><div class=\"elementor-image-box-content\"><h3 class=\"elementor-image-box-title\"><a href=\"tel:+34640325488\">+34 640 325 488<\/a><\/h3><\/div><\/div>\t\t\t\t<\/div>\n\t\t\t\t<\/div>\n\t\t\t\t<div class=\"elementor-element elementor-element-c281369 elementor-widget__width-initial elementor-widget-mobile__width-inherit elementor-position-top elementor-widget elementor-widget-image-box\" data-id=\"c281369\" data-element_type=\"widget\" data-e-type=\"widget\" data-widget_type=\"image-box.default\">\n\t\t\t\t<div class=\"elementor-widget-container\">\n\t\t\t\t\t<div class=\"elementor-image-box-wrapper\"><figure class=\"elementor-image-box-img\"><a href=\"mailto:info@twopagency.com\" tabindex=\"-1\"><img loading=\"lazy\" decoding=\"async\" width=\"300\" height=\"300\" src=\"https:\/\/twopagency.com\/wp-content\/uploads\/2025\/05\/icono-147-300x300.webp\" class=\"attachment-medium size-medium wp-image-3494\" alt=\"Icono de protecci\u00f3n antispam en formularios y comentarios\" srcset=\"https:\/\/twopagency.com\/wp-content\/uploads\/2025\/05\/icono-147-300x300.webp 300w, https:\/\/twopagency.com\/wp-content\/uploads\/2025\/05\/icono-147-1024x1024.webp 1024w, https:\/\/twopagency.com\/wp-content\/uploads\/2025\/05\/icono-147-150x150.webp 150w, https:\/\/twopagency.com\/wp-content\/uploads\/2025\/05\/icono-147-768x768.webp 768w, https:\/\/twopagency.com\/wp-content\/uploads\/2025\/05\/icono-147-1536x1536.webp 1536w, https:\/\/twopagency.com\/wp-content\/uploads\/2025\/05\/icono-147-2048x2048.webp 2048w\" sizes=\"(max-width: 300px) 100vw, 300px\" \/><\/a><\/figure><div class=\"elementor-image-box-content\"><h3 class=\"elementor-image-box-title\"><a href=\"mailto:info@twopagency.com\">info@twopagency.com<\/a><\/h3><\/div><\/div>\t\t\t\t<\/div>\n\t\t\t\t<\/div>\n\t\t\t\t<\/div>\n\t\t\t\t\t<\/div>\n\t\t\t\t<\/div>\n\t\t\t\t<\/div>\n\t\t","protected":false},"excerpt":{"rendered":"<p>Explica&#8217;ns la teva idea, t&#8217;ajudem a fer-la realitat. Parlem? Tens un projecte al cap? A 2P Digital Agency estem aqu\u00ed per ajudar-te. Escriu-nos i et respondrem en menys de 24h per valorar junts com portar la teva marca al seg\u00fcent nivell. Parlem Estem a un missatge d&#8217;ajudar-te a cr\u00e9ixer +34 640 325 488 +34 640 [&hellip;]<\/p>\n","protected":false},"author":5,"featured_media":0,"parent":0,"menu_order":0,"comment_status":"closed","ping_status":"closed","template":"elementor_header_footer","meta":{"footnotes":""},"class_list":["post-3703","page","type-page","status-publish","hentry"],"_links":{"self":[{"href":"https:\/\/twopagency.com\/ca\/wp-json\/wp\/v2\/pages\/3703","targetHints":{"allow":["GET"]}}],"collection":[{"href":"https:\/\/twopagency.com\/ca\/wp-json\/wp\/v2\/pages"}],"about":[{"href":"https:\/\/twopagency.com\/ca\/wp-json\/wp\/v2\/types\/page"}],"author":[{"embeddable":true,"href":"https:\/\/twopagency.com\/ca\/wp-json\/wp\/v2\/users\/5"}],"replies":[{"embeddable":true,"href":"https:\/\/twopagency.com\/ca\/wp-json\/wp\/v2\/comments?post=3703"}],"version-history":[{"count":2,"href":"https:\/\/twopagency.com\/ca\/wp-json\/wp\/v2\/pages\/3703\/revisions"}],"predecessor-version":[{"id":4458,"href":"https:\/\/twopagency.com\/ca\/wp-json\/wp\/v2\/pages\/3703\/revisions\/4458"}],"wp:attachment":[{"href":"https:\/\/twopagency.com\/ca\/wp-json\/wp\/v2\/media?parent=3703"}],"curies":[{"name":"wp","href":"https:\/\/api.w.org\/{rel}","templated":true}]}}