{"id":3695,"date":"2025-05-08T09:53:17","date_gmt":"2025-05-08T07:53:17","guid":{"rendered":"https:\/\/twopagency.com\/projectes\/"},"modified":"2025-10-13T13:34:10","modified_gmt":"2025-10-13T11:34:10","slug":"projectes","status":"publish","type":"page","link":"https:\/\/twopagency.com\/ca\/projectes\/","title":{"rendered":"Projectes"},"content":{"rendered":"\t\t<div data-elementor-type=\"wp-page\" data-elementor-id=\"3695\" class=\"elementor elementor-3695 elementor-710\" data-elementor-post-type=\"page\">\n\t\t\t\t<div class=\"elementor-element elementor-element-64674507 e-flex e-con-boxed e-con e-parent\" data-id=\"64674507\" data-element_type=\"container\" data-e-type=\"container\" data-settings=\"{&quot;background_background&quot;:&quot;gradient&quot;}\">\n\t\t\t\t\t<div class=\"e-con-inner\">\n\t\t<div class=\"elementor-element elementor-element-4ee90c1b e-flex e-con-boxed e-con e-child\" data-id=\"4ee90c1b\" data-element_type=\"container\" data-e-type=\"container\">\n\t\t\t\t\t<div class=\"e-con-inner\">\n\t\t\t\t<div class=\"elementor-element elementor-element-40c50152 elementor-invisible elementor-widget elementor-widget-heading\" data-id=\"40c50152\" data-element_type=\"widget\" data-e-type=\"widget\" data-settings=\"{&quot;_animation&quot;:&quot;fadeInUp&quot;}\" data-widget_type=\"heading.default\">\n\t\t\t\t<div class=\"elementor-widget-container\">\n\t\t\t\t\t<h1 class=\"elementor-heading-title elementor-size-default\">Projectes<\/h1>\t\t\t\t<\/div>\n\t\t\t\t<\/div>\n\t\t\t\t<div class=\"elementor-element elementor-element-7a7229e6 elementor-invisible elementor-widget elementor-widget-heading\" data-id=\"7a7229e6\" data-element_type=\"widget\" data-e-type=\"widget\" data-settings=\"{&quot;_animation&quot;:&quot;fadeInUp&quot;,&quot;_animation_delay&quot;:200}\" data-widget_type=\"heading.default\">\n\t\t\t\t<div class=\"elementor-widget-container\">\n\t\t\t\t\t<h4 class=\"elementor-heading-title elementor-size-default\">Descobreix els nostres projectes de disseny web, SEO i m\u00e0rqueting digital\n\n<\/h4>\t\t\t\t<\/div>\n\t\t\t\t<\/div>\n\t\t\t\t\t<\/div>\n\t\t\t\t<\/div>\n\t\t\t\t\t<\/div>\n\t\t\t\t<\/div>\n\t\t<div class=\"elementor-element elementor-element-0c7d95d e-flex e-con-boxed e-con e-parent\" data-id=\"0c7d95d\" data-element_type=\"container\" data-e-type=\"container\">\n\t\t\t\t\t<div class=\"e-con-inner\">\n\t\t\t\t<div class=\"elementor-element elementor-element-0194270 ekit-liquid-glass-preset2 ekit-liquid-glass-shadow1 elementor-widget elementor-widget-jet-listing-grid\" data-id=\"0194270\" data-element_type=\"widget\" data-e-type=\"widget\" data-settings=\"{&quot;columns&quot;:3,&quot;columns_mobile&quot;:&quot;1&quot;}\" data-widget_type=\"jet-listing-grid.default\">\n\t\t\t\t<div class=\"elementor-widget-container\">\n\t\t\t\t\t<div class=\"jet-listing-grid jet-listing\"><div class=\"jet-listing-grid__items grid-col-desk-3 grid-col-tablet-3 grid-col-mobile-1 jet-listing-grid--922\" data-queried-id=\"3695|WP_Post\" data-nav=\"{&quot;enabled&quot;:false,&quot;type&quot;:null,&quot;more_el&quot;:null,&quot;query&quot;:[],&quot;widget_settings&quot;:{&quot;lisitng_id&quot;:922,&quot;posts_num&quot;:6,&quot;columns&quot;:3,&quot;columns_tablet&quot;:3,&quot;columns_mobile&quot;:1,&quot;column_min_width&quot;:240,&quot;column_min_width_tablet&quot;:240,&quot;column_min_width_mobile&quot;:240,&quot;inline_columns_css&quot;:false,&quot;is_archive_template&quot;:&quot;&quot;,&quot;post_status&quot;:[&quot;publish&quot;],&quot;use_random_posts_num&quot;:&quot;&quot;,&quot;max_posts_num&quot;:9,&quot;not_found_message&quot;:&quot;No data was found&quot;,&quot;is_masonry&quot;:false,&quot;equal_columns_height&quot;:&quot;&quot;,&quot;use_load_more&quot;:&quot;&quot;,&quot;load_more_id&quot;:&quot;&quot;,&quot;load_more_type&quot;:&quot;click&quot;,&quot;load_more_offset&quot;:{&quot;unit&quot;:&quot;px&quot;,&quot;size&quot;:0,&quot;sizes&quot;:[]},&quot;use_custom_post_types&quot;:&quot;&quot;,&quot;custom_post_types&quot;:[],&quot;hide_widget_if&quot;:&quot;&quot;,&quot;carousel_enabled&quot;:&quot;&quot;,&quot;slides_to_scroll&quot;:&quot;1&quot;,&quot;arrows&quot;:&quot;true&quot;,&quot;arrow_icon&quot;:&quot;fa fa-angle-left&quot;,&quot;dots&quot;:&quot;&quot;,&quot;autoplay&quot;:&quot;true&quot;,&quot;pause_on_hover&quot;:&quot;true&quot;,&quot;autoplay_speed&quot;:5000,&quot;infinite&quot;:&quot;true&quot;,&quot;center_mode&quot;:&quot;&quot;,&quot;effect&quot;:&quot;slide&quot;,&quot;speed&quot;:500,&quot;inject_alternative_items&quot;:&quot;&quot;,&quot;injection_items&quot;:[],&quot;scroll_slider_enabled&quot;:&quot;&quot;,&quot;scroll_slider_on&quot;:[&quot;desktop&quot;,&quot;tablet&quot;,&quot;mobile&quot;],&quot;custom_query&quot;:false,&quot;custom_query_id&quot;:&quot;&quot;,&quot;_element_id&quot;:&quot;&quot;,&quot;collapse_first_last_gap&quot;:false,&quot;list_tag_selection&quot;:&quot;&quot;,&quot;list_items_wrapper_tag&quot;:&quot;div&quot;,&quot;list_item_tag&quot;:&quot;div&quot;,&quot;empty_items_wrapper_tag&quot;:&quot;div&quot;}}\" data-page=\"1\" data-pages=\"1\" data-listing-source=\"posts\" data-listing-id=\"922\" data-query-id=\"\"><div class=\"jet-listing-grid__item jet-listing-dynamic-post-3936\" data-post-id=\"3936\"  >\t\t<div data-elementor-type=\"jet-listing-items\" data-elementor-id=\"922\" class=\"elementor elementor-922\" data-elementor-post-type=\"jet-engine\">\n\t\t\t\t<div class=\"elementor-element elementor-element-7c3a811 scroll-trigger  e-flex e-con-boxed e-con e-parent\" data-id=\"7c3a811\" data-element_type=\"container\" data-e-type=\"container\">\n\t\t\t\t\t<div class=\"e-con-inner\">\n\t\t<div class=\"elementor-element elementor-element-f9cca07 e-con-full e-flex e-con e-child\" data-id=\"f9cca07\" data-element_type=\"container\" data-e-type=\"container\">\n\t\t\t\t<div class=\"elementor-element elementor-element-4876c4d elementor-widget elementor-widget-image\" data-id=\"4876c4d\" data-element_type=\"widget\" data-e-type=\"widget\" data-widget_type=\"image.default\">\n\t\t\t\t<div class=\"elementor-widget-container\">\n\t\t\t\t\t\t\t\t\t\t\t\t\t\t\t<img fetchpriority=\"high\" decoding=\"async\" width=\"1920\" height=\"1776\" src=\"https:\/\/twopagency.com\/wp-content\/uploads\/2025\/05\/asv-motor-portfolio.png\" class=\"attachment-full size-full wp-image-3169\" alt=\"\" srcset=\"https:\/\/twopagency.com\/wp-content\/uploads\/2025\/05\/asv-motor-portfolio.png 1920w, https:\/\/twopagency.com\/wp-content\/uploads\/2025\/05\/asv-motor-portfolio-300x278.png 300w, https:\/\/twopagency.com\/wp-content\/uploads\/2025\/05\/asv-motor-portfolio-1024x947.png 1024w, https:\/\/twopagency.com\/wp-content\/uploads\/2025\/05\/asv-motor-portfolio-768x710.png 768w, https:\/\/twopagency.com\/wp-content\/uploads\/2025\/05\/asv-motor-portfolio-1536x1421.png 1536w\" sizes=\"(max-width: 1920px) 100vw, 1920px\" \/>\t\t\t\t\t\t\t\t\t\t\t\t\t\t\t<\/div>\n\t\t\t\t<\/div>\n\t\t\t\t<\/div>\n\t\t<div class=\"elementor-element elementor-element-9f6a3fb e-con-full e-flex e-con e-child\" data-id=\"9f6a3fb\" data-element_type=\"container\" data-e-type=\"container\" data-settings=\"{&quot;background_background&quot;:&quot;classic&quot;}\">\n\t\t<div class=\"elementor-element elementor-element-a5f17e0 e-con-full e-flex e-con e-child\" data-id=\"a5f17e0\" data-element_type=\"container\" data-e-type=\"container\">\n\t\t\t\t<div class=\"elementor-element elementor-element-413d808 elementor-widget elementor-widget-heading\" data-id=\"413d808\" data-element_type=\"widget\" data-e-type=\"widget\" data-widget_type=\"heading.default\">\n\t\t\t\t<div class=\"elementor-widget-container\">\n\t\t\t\t\t<h2 class=\"elementor-heading-title elementor-size-default\">Projectes<\/h2>\t\t\t\t<\/div>\n\t\t\t\t<\/div>\n\t\t\t\t<div class=\"elementor-element elementor-element-4c94d98 ekit-liquid-glass-preset2 ekit-liquid-glass-shadow1 elementor-widget elementor-widget-jet-listing-dynamic-field\" data-id=\"4c94d98\" data-element_type=\"widget\" data-e-type=\"widget\" data-widget_type=\"jet-listing-dynamic-field.default\">\n\t\t\t\t<div class=\"elementor-widget-container\">\n\t\t\t\t\t<div class=\"jet-listing jet-listing-dynamic-field display-inline\"><div class=\"jet-listing-dynamic-field__inline-wrap\"><div class=\"jet-listing-dynamic-field__content\" >2025<\/div><\/div><\/div>\t\t\t\t<\/div>\n\t\t\t\t<\/div>\n\t\t\t\t<div class=\"elementor-element elementor-element-74b589e ekit-liquid-glass-preset2 ekit-liquid-glass-shadow1 elementor-widget elementor-widget-jet-listing-dynamic-field\" data-id=\"74b589e\" data-element_type=\"widget\" data-e-type=\"widget\" data-widget_type=\"jet-listing-dynamic-field.default\">\n\t\t\t\t<div class=\"elementor-widget-container\">\n\t\t\t\t\t<div class=\"jet-listing jet-listing-dynamic-field display-inline\"><div class=\"jet-listing-dynamic-field__inline-wrap\"><div class=\"jet-listing-dynamic-field__content\" >Web autogestionable de compravenda de vehicles<\/div><\/div><\/div>\t\t\t\t<\/div>\n\t\t\t\t<\/div>\n\t\t\t\t<\/div>\n\t\t\t\t<\/div>\n\t\t\t\t\t<\/div>\n\t\t\t\t<\/div>\n\t\t\t\t<\/div>\n\t\t<\/div><div class=\"jet-listing-grid__item jet-listing-dynamic-post-3937\" data-post-id=\"3937\"  >\t\t<div data-elementor-type=\"jet-listing-items\" data-elementor-id=\"922\" class=\"elementor elementor-922\" data-elementor-post-type=\"jet-engine\">\n\t\t\t\t<div class=\"elementor-element elementor-element-7c3a811 scroll-trigger  e-flex e-con-boxed e-con e-parent\" data-id=\"7c3a811\" data-element_type=\"container\" data-e-type=\"container\">\n\t\t\t\t\t<div class=\"e-con-inner\">\n\t\t<div class=\"elementor-element elementor-element-f9cca07 e-con-full e-flex e-con e-child\" data-id=\"f9cca07\" data-element_type=\"container\" data-e-type=\"container\">\n\t\t\t\t<div class=\"elementor-element elementor-element-4876c4d elementor-widget elementor-widget-image\" data-id=\"4876c4d\" data-element_type=\"widget\" data-e-type=\"widget\" data-widget_type=\"image.default\">\n\t\t\t\t<div class=\"elementor-widget-container\">\n\t\t\t\t\t\t\t\t\t\t\t\t\t\t\t<img decoding=\"async\" width=\"1249\" height=\"2560\" src=\"https:\/\/twopagency.com\/wp-content\/uploads\/2025\/05\/escriva-events-portfolio-scaled.png\" class=\"attachment-full size-full wp-image-3168\" alt=\"Dise\u00f1o web y SEO t\u00e9cnico para empresa de eventos Escriva Events\" srcset=\"https:\/\/twopagency.com\/wp-content\/uploads\/2025\/05\/escriva-events-portfolio-scaled.png 1249w, https:\/\/twopagency.com\/wp-content\/uploads\/2025\/05\/escriva-events-portfolio-146x300.png 146w, https:\/\/twopagency.com\/wp-content\/uploads\/2025\/05\/escriva-events-portfolio-500x1024.png 500w, https:\/\/twopagency.com\/wp-content\/uploads\/2025\/05\/escriva-events-portfolio-768x1574.png 768w, https:\/\/twopagency.com\/wp-content\/uploads\/2025\/05\/escriva-events-portfolio-749x1536.png 749w, https:\/\/twopagency.com\/wp-content\/uploads\/2025\/05\/escriva-events-portfolio-999x2048.png 999w\" sizes=\"(max-width: 1249px) 100vw, 1249px\" \/>\t\t\t\t\t\t\t\t\t\t\t\t\t\t\t<\/div>\n\t\t\t\t<\/div>\n\t\t\t\t<\/div>\n\t\t<div class=\"elementor-element elementor-element-9f6a3fb e-con-full e-flex e-con e-child\" data-id=\"9f6a3fb\" data-element_type=\"container\" data-e-type=\"container\" data-settings=\"{&quot;background_background&quot;:&quot;classic&quot;}\">\n\t\t<div class=\"elementor-element elementor-element-a5f17e0 e-con-full e-flex e-con e-child\" data-id=\"a5f17e0\" data-element_type=\"container\" data-e-type=\"container\">\n\t\t\t\t<div class=\"elementor-element elementor-element-413d808 elementor-widget elementor-widget-heading\" data-id=\"413d808\" data-element_type=\"widget\" data-e-type=\"widget\" data-widget_type=\"heading.default\">\n\t\t\t\t<div class=\"elementor-widget-container\">\n\t\t\t\t\t<h2 class=\"elementor-heading-title elementor-size-default\">Projectes<\/h2>\t\t\t\t<\/div>\n\t\t\t\t<\/div>\n\t\t\t\t<div class=\"elementor-element elementor-element-4c94d98 ekit-liquid-glass-preset2 ekit-liquid-glass-shadow1 elementor-widget elementor-widget-jet-listing-dynamic-field\" data-id=\"4c94d98\" data-element_type=\"widget\" data-e-type=\"widget\" data-widget_type=\"jet-listing-dynamic-field.default\">\n\t\t\t\t<div class=\"elementor-widget-container\">\n\t\t\t\t\t<div class=\"jet-listing jet-listing-dynamic-field display-inline\"><div class=\"jet-listing-dynamic-field__inline-wrap\"><div class=\"jet-listing-dynamic-field__content\" >2025<\/div><\/div><\/div>\t\t\t\t<\/div>\n\t\t\t\t<\/div>\n\t\t\t\t<div class=\"elementor-element elementor-element-74b589e ekit-liquid-glass-preset2 ekit-liquid-glass-shadow1 elementor-widget elementor-widget-jet-listing-dynamic-field\" data-id=\"74b589e\" data-element_type=\"widget\" data-e-type=\"widget\" data-widget_type=\"jet-listing-dynamic-field.default\">\n\t\t\t\t<div class=\"elementor-widget-container\">\n\t\t\t\t\t<div class=\"jet-listing jet-listing-dynamic-field display-inline\"><div class=\"jet-listing-dynamic-field__inline-wrap\"><div class=\"jet-listing-dynamic-field__content\" >Disseny web + SEO t\u00e8cnic<\/div><\/div><\/div>\t\t\t\t<\/div>\n\t\t\t\t<\/div>\n\t\t\t\t<\/div>\n\t\t\t\t<\/div>\n\t\t\t\t\t<\/div>\n\t\t\t\t<\/div>\n\t\t\t\t<\/div>\n\t\t<\/div><div class=\"jet-listing-grid__item jet-listing-dynamic-post-3938\" data-post-id=\"3938\"  >\t\t<div data-elementor-type=\"jet-listing-items\" data-elementor-id=\"922\" class=\"elementor elementor-922\" data-elementor-post-type=\"jet-engine\">\n\t\t\t\t<div class=\"elementor-element elementor-element-7c3a811 scroll-trigger  e-flex e-con-boxed e-con e-parent\" data-id=\"7c3a811\" data-element_type=\"container\" data-e-type=\"container\">\n\t\t\t\t\t<div class=\"e-con-inner\">\n\t\t<div class=\"elementor-element elementor-element-f9cca07 e-con-full e-flex e-con e-child\" data-id=\"f9cca07\" data-element_type=\"container\" data-e-type=\"container\">\n\t\t\t\t<div class=\"elementor-element elementor-element-4876c4d elementor-widget elementor-widget-image\" data-id=\"4876c4d\" data-element_type=\"widget\" data-e-type=\"widget\" data-widget_type=\"image.default\">\n\t\t\t\t<div class=\"elementor-widget-container\">\n\t\t\t\t\t\t\t\t\t\t\t\t\t\t\t<img decoding=\"async\" width=\"1322\" height=\"2560\" src=\"https:\/\/twopagency.com\/wp-content\/uploads\/2025\/05\/llafranc-rent-a-boat-portfolio-scaled.png\" class=\"attachment-full size-full wp-image-3167\" alt=\"Dise\u00f1o web y reserva online para empresa de alquiler de barcos en Llafranc\" srcset=\"https:\/\/twopagency.com\/wp-content\/uploads\/2025\/05\/llafranc-rent-a-boat-portfolio-scaled.png 1322w, https:\/\/twopagency.com\/wp-content\/uploads\/2025\/05\/llafranc-rent-a-boat-portfolio-155x300.png 155w, https:\/\/twopagency.com\/wp-content\/uploads\/2025\/05\/llafranc-rent-a-boat-portfolio-529x1024.png 529w, https:\/\/twopagency.com\/wp-content\/uploads\/2025\/05\/llafranc-rent-a-boat-portfolio-768x1487.png 768w, https:\/\/twopagency.com\/wp-content\/uploads\/2025\/05\/llafranc-rent-a-boat-portfolio-793x1536.png 793w, https:\/\/twopagency.com\/wp-content\/uploads\/2025\/05\/llafranc-rent-a-boat-portfolio-1058x2048.png 1058w\" sizes=\"(max-width: 1322px) 100vw, 1322px\" \/>\t\t\t\t\t\t\t\t\t\t\t\t\t\t\t<\/div>\n\t\t\t\t<\/div>\n\t\t\t\t<\/div>\n\t\t<div class=\"elementor-element elementor-element-9f6a3fb e-con-full e-flex e-con e-child\" data-id=\"9f6a3fb\" data-element_type=\"container\" data-e-type=\"container\" data-settings=\"{&quot;background_background&quot;:&quot;classic&quot;}\">\n\t\t<div class=\"elementor-element elementor-element-a5f17e0 e-con-full e-flex e-con e-child\" data-id=\"a5f17e0\" data-element_type=\"container\" data-e-type=\"container\">\n\t\t\t\t<div class=\"elementor-element elementor-element-413d808 elementor-widget elementor-widget-heading\" data-id=\"413d808\" data-element_type=\"widget\" data-e-type=\"widget\" data-widget_type=\"heading.default\">\n\t\t\t\t<div class=\"elementor-widget-container\">\n\t\t\t\t\t<h2 class=\"elementor-heading-title elementor-size-default\">Projectes<\/h2>\t\t\t\t<\/div>\n\t\t\t\t<\/div>\n\t\t\t\t<div class=\"elementor-element elementor-element-4c94d98 ekit-liquid-glass-preset2 ekit-liquid-glass-shadow1 elementor-widget elementor-widget-jet-listing-dynamic-field\" data-id=\"4c94d98\" data-element_type=\"widget\" data-e-type=\"widget\" data-widget_type=\"jet-listing-dynamic-field.default\">\n\t\t\t\t<div class=\"elementor-widget-container\">\n\t\t\t\t\t<div class=\"jet-listing jet-listing-dynamic-field display-inline\"><div class=\"jet-listing-dynamic-field__inline-wrap\"><div class=\"jet-listing-dynamic-field__content\" >2025<\/div><\/div><\/div>\t\t\t\t<\/div>\n\t\t\t\t<\/div>\n\t\t\t\t<div class=\"elementor-element elementor-element-74b589e ekit-liquid-glass-preset2 ekit-liquid-glass-shadow1 elementor-widget elementor-widget-jet-listing-dynamic-field\" data-id=\"74b589e\" data-element_type=\"widget\" data-e-type=\"widget\" data-widget_type=\"jet-listing-dynamic-field.default\">\n\t\t\t\t<div class=\"elementor-widget-container\">\n\t\t\t\t\t<div class=\"jet-listing jet-listing-dynamic-field display-inline\"><div class=\"jet-listing-dynamic-field__inline-wrap\"><div class=\"jet-listing-dynamic-field__content\" >Disseny web + SEO + reserva en l\u00ednia<\/div><\/div><\/div>\t\t\t\t<\/div>\n\t\t\t\t<\/div>\n\t\t\t\t<\/div>\n\t\t\t\t<\/div>\n\t\t\t\t\t<\/div>\n\t\t\t\t<\/div>\n\t\t\t\t<\/div>\n\t\t<\/div><div class=\"jet-listing-grid__item jet-listing-dynamic-post-3939\" data-post-id=\"3939\"  >\t\t<div data-elementor-type=\"jet-listing-items\" data-elementor-id=\"922\" class=\"elementor elementor-922\" data-elementor-post-type=\"jet-engine\">\n\t\t\t\t<div class=\"elementor-element elementor-element-7c3a811 scroll-trigger  e-flex e-con-boxed e-con e-parent\" data-id=\"7c3a811\" data-element_type=\"container\" data-e-type=\"container\">\n\t\t\t\t\t<div class=\"e-con-inner\">\n\t\t<div class=\"elementor-element elementor-element-f9cca07 e-con-full e-flex e-con e-child\" data-id=\"f9cca07\" data-element_type=\"container\" data-e-type=\"container\">\n\t\t\t\t<div class=\"elementor-element elementor-element-4876c4d elementor-widget elementor-widget-image\" data-id=\"4876c4d\" data-element_type=\"widget\" data-e-type=\"widget\" data-widget_type=\"image.default\">\n\t\t\t\t<div class=\"elementor-widget-container\">\n\t\t\t\t\t\t\t\t\t\t\t\t\t\t\t<img loading=\"lazy\" decoding=\"async\" width=\"1920\" height=\"2516\" src=\"https:\/\/twopagency.com\/wp-content\/uploads\/2025\/05\/Aiguablava-Boats-Alquiler-de-barcas-en-Begur-Costa-Brava-15-05-2025_11_29_AM_1.webp\" class=\"attachment-full size-full wp-image-3632\" alt=\"Web con SEO local y sistema de reservas para Aiguablava Boats\" srcset=\"https:\/\/twopagency.com\/wp-content\/uploads\/2025\/05\/Aiguablava-Boats-Alquiler-de-barcas-en-Begur-Costa-Brava-15-05-2025_11_29_AM_1.webp 1920w, https:\/\/twopagency.com\/wp-content\/uploads\/2025\/05\/Aiguablava-Boats-Alquiler-de-barcas-en-Begur-Costa-Brava-15-05-2025_11_29_AM_1-229x300.webp 229w, https:\/\/twopagency.com\/wp-content\/uploads\/2025\/05\/Aiguablava-Boats-Alquiler-de-barcas-en-Begur-Costa-Brava-15-05-2025_11_29_AM_1-781x1024.webp 781w, https:\/\/twopagency.com\/wp-content\/uploads\/2025\/05\/Aiguablava-Boats-Alquiler-de-barcas-en-Begur-Costa-Brava-15-05-2025_11_29_AM_1-768x1006.webp 768w, https:\/\/twopagency.com\/wp-content\/uploads\/2025\/05\/Aiguablava-Boats-Alquiler-de-barcas-en-Begur-Costa-Brava-15-05-2025_11_29_AM_1-1172x1536.webp 1172w, https:\/\/twopagency.com\/wp-content\/uploads\/2025\/05\/Aiguablava-Boats-Alquiler-de-barcas-en-Begur-Costa-Brava-15-05-2025_11_29_AM_1-1563x2048.webp 1563w\" sizes=\"(max-width: 1920px) 100vw, 1920px\" \/>\t\t\t\t\t\t\t\t\t\t\t\t\t\t\t<\/div>\n\t\t\t\t<\/div>\n\t\t\t\t<\/div>\n\t\t<div class=\"elementor-element elementor-element-9f6a3fb e-con-full e-flex e-con e-child\" data-id=\"9f6a3fb\" data-element_type=\"container\" data-e-type=\"container\" data-settings=\"{&quot;background_background&quot;:&quot;classic&quot;}\">\n\t\t<div class=\"elementor-element elementor-element-a5f17e0 e-con-full e-flex e-con e-child\" data-id=\"a5f17e0\" data-element_type=\"container\" data-e-type=\"container\">\n\t\t\t\t<div class=\"elementor-element elementor-element-413d808 elementor-widget elementor-widget-heading\" data-id=\"413d808\" data-element_type=\"widget\" data-e-type=\"widget\" data-widget_type=\"heading.default\">\n\t\t\t\t<div class=\"elementor-widget-container\">\n\t\t\t\t\t<h2 class=\"elementor-heading-title elementor-size-default\">Projectes<\/h2>\t\t\t\t<\/div>\n\t\t\t\t<\/div>\n\t\t\t\t<div class=\"elementor-element elementor-element-4c94d98 ekit-liquid-glass-preset2 ekit-liquid-glass-shadow1 elementor-widget elementor-widget-jet-listing-dynamic-field\" data-id=\"4c94d98\" data-element_type=\"widget\" data-e-type=\"widget\" data-widget_type=\"jet-listing-dynamic-field.default\">\n\t\t\t\t<div class=\"elementor-widget-container\">\n\t\t\t\t\t<div class=\"jet-listing jet-listing-dynamic-field display-inline\"><div class=\"jet-listing-dynamic-field__inline-wrap\"><div class=\"jet-listing-dynamic-field__content\" >2025<\/div><\/div><\/div>\t\t\t\t<\/div>\n\t\t\t\t<\/div>\n\t\t\t\t<div class=\"elementor-element elementor-element-74b589e ekit-liquid-glass-preset2 ekit-liquid-glass-shadow1 elementor-widget elementor-widget-jet-listing-dynamic-field\" data-id=\"74b589e\" data-element_type=\"widget\" data-e-type=\"widget\" data-widget_type=\"jet-listing-dynamic-field.default\">\n\t\t\t\t<div class=\"elementor-widget-container\">\n\t\t\t\t\t<div class=\"jet-listing jet-listing-dynamic-field display-inline\"><div class=\"jet-listing-dynamic-field__inline-wrap\"><div class=\"jet-listing-dynamic-field__content\" >Web de gesti\u00f3 d'embarcacions i reserves online<\/div><\/div><\/div>\t\t\t\t<\/div>\n\t\t\t\t<\/div>\n\t\t\t\t<\/div>\n\t\t\t\t<\/div>\n\t\t\t\t\t<\/div>\n\t\t\t\t<\/div>\n\t\t\t\t<\/div>\n\t\t<\/div><\/div><\/div>\t\t\t\t<\/div>\n\t\t\t\t<\/div>\n\t\t\t\t\t<\/div>\n\t\t\t\t<\/div>\n\t\t\t\t<\/div>\n\t\t","protected":false},"excerpt":{"rendered":"<p>Projectes Descobreix els nostres projectes de disseny web, SEO i m\u00e0rqueting digital 2025 Dise\u00f1o web + SEO 2025 Dise\u00f1o web + SEO t\u00e9cnico 2025 Dise\u00f1o web + SEO + reserva online 2025 Dise\u00f1o web + SEO + reserva online<\/p>\n","protected":false},"author":5,"featured_media":0,"parent":0,"menu_order":0,"comment_status":"closed","ping_status":"closed","template":"","meta":{"footnotes":""},"class_list":["post-3695","page","type-page","status-publish","hentry"],"_links":{"self":[{"href":"https:\/\/twopagency.com\/ca\/wp-json\/wp\/v2\/pages\/3695","targetHints":{"allow":["GET"]}}],"collection":[{"href":"https:\/\/twopagency.com\/ca\/wp-json\/wp\/v2\/pages"}],"about":[{"href":"https:\/\/twopagency.com\/ca\/wp-json\/wp\/v2\/types\/page"}],"author":[{"embeddable":true,"href":"https:\/\/twopagency.com\/ca\/wp-json\/wp\/v2\/users\/5"}],"replies":[{"embeddable":true,"href":"https:\/\/twopagency.com\/ca\/wp-json\/wp\/v2\/comments?post=3695"}],"version-history":[{"count":5,"href":"https:\/\/twopagency.com\/ca\/wp-json\/wp\/v2\/pages\/3695\/revisions"}],"predecessor-version":[{"id":4313,"href":"https:\/\/twopagency.com\/ca\/wp-json\/wp\/v2\/pages\/3695\/revisions\/4313"}],"wp:attachment":[{"href":"https:\/\/twopagency.com\/ca\/wp-json\/wp\/v2\/media?parent=3695"}],"curies":[{"name":"wp","href":"https:\/\/api.w.org\/{rel}","templated":true}]}}