{"id":3675,"date":"2025-05-16T11:42:16","date_gmt":"2025-05-16T09:42:16","guid":{"rendered":"https:\/\/twopagency.com\/politica-de-privadesa\/"},"modified":"2025-06-11T10:44:28","modified_gmt":"2025-06-11T08:44:28","slug":"politica-de-privadesa","status":"publish","type":"page","link":"https:\/\/twopagency.com\/ca\/politica-de-privadesa\/","title":{"rendered":"Pol\u00edtica de privadesa"},"content":{"rendered":"\t\t<div data-elementor-type=\"wp-page\" data-elementor-id=\"3675\" class=\"elementor elementor-3675 elementor-2238\" data-elementor-post-type=\"page\">\n\t\t\t\t<div class=\"elementor-element elementor-element-87c91e9 e-flex e-con-boxed e-con e-parent\" data-id=\"87c91e9\" data-element_type=\"container\" data-e-type=\"container\">\n\t\t\t\t\t<div class=\"e-con-inner\">\n\t\t\t\t<div class=\"elementor-element elementor-element-99a16f5 elementor-widget elementor-widget-text-editor\" data-id=\"99a16f5\" data-element_type=\"widget\" data-e-type=\"widget\" data-widget_type=\"text-editor.default\">\n\t\t\t\t<div class=\"elementor-widget-container\">\n\t\t\t\t\t\t\t\t\t <div class=\"row\"> <div class=\"col-xl-10 mx-auto\"> <div class=\"paper\"> <header class=\"text-center\"> <h2 class=\"m-auto\">POL\u00cdTICA DE PRIVACITAT DEL LLOC WEB<\/h2> <h4><span class=\"blanc-space ng-binding\">https:\/\/twopagency.com\/<\/span><\/h4> <\/header> <div> <h3>I. POL\u00cdTICA DE PRIVACITAT I PROTECCI\u00d3 DE DADES<\/h3> <p>Respectant el que estableix la legislaci\u00f3 vigent, <span class=\"blanc-space ng-binding\">2P Digital Agency<\/span> (d&#8217;ara endavant, tamb\u00e9 Lloc Web) es compromet a adoptar les mesures t\u00e8cniques i organitzatives necess\u00e0ries, segons el nivell de seguretat adequat al risc de les dades recollides.<\/p> <h4>Lleis que incorpora aquesta pol\u00edtica de privadesa<\/h4> <p>Aquesta pol\u00edtica de privadesa est\u00e0 adaptada a la normativa espanyola i europea vigent en mat\u00e8ria de protecci\u00f3 de dades personals a internet. En concret, aquesta respecta les seg\u00fcents normes: <\/p> <ul> <li>El Reglament (UE) 2016\/679 del Parlament Europeu i del Consell, de 27 d \u201cabril del 2016, relatiu a la protecci\u00f3 de les persones f\u00edsiques pel que fa al tractament de dades personals ia la lliure circulaci\u00f3 d\u201d aquestes dades (RGPD).<\/li> <li>La Llei Org\u00e0nica 3\/2018, del 5 de desembre, de Protecci\u00f3 de Dades Personals i garantia dels drets digitals (LOPD-GDD).<\/li> <li>El Reial decret 1720\/2007, de 21 de desembre, pel qual saprova el Reglament de desplegament de la Llei Org\u00e0nica 15\/1999, de 13 de desembre, de Protecci\u00f3 de Dades de Car\u00e0cter Personal (RDLOPD).<\/li> <li>La Llei 34\/2002, de 11 de juliol, de Serveis de la Societat de la Informaci\u00f3 i de Comer\u00e7 Electr\u00f2nic (LSSI-CE).<\/li> <\/ul> <h4>Identitat del responsable del tractament de les dades personals<\/h4> <p ng-show=\"data.claseTitular == 'persona'\">El responsable del tractament de les dades personals recollides a <span class=\"blanc-space ng-binding\">2P Digital Agency<\/span> \u00e9s: <span class=\"blanc-space ng-binding\">Pol Aisa Serrano<\/span> , amb NIF: <span class=\"blanc-space ng-binding\">41626864S<\/span> (d&#8217;ara endavant, Responsable del tractament). Les vostres dades de contacte s\u00f3n les seg\u00fcents: <\/p> <p ng-show=\"data.claseTitular == 'empresa'\" class=\"ng-hide\">El responsable del tractament de les dades personals recollides a <span class=\"blanc-space ng-binding\">2P Digital Agency<\/span> \u00e9s:<span class=\"blanc-space ng-binding\"><\/span> , prove\u00efda de NIF\/CIF:<span class=\"blanc-space ng-binding\"><\/span> i inscrit a:<span class=\"blanc-space ng-binding\"><\/span> amb les seg\u00fcents dades registrals:<span class=\"blanc-space ng-binding\"><\/span> , el representant del qual \u00e9s:<span class=\"blanc-space ng-binding\"><\/span> (d&#8217;ara endavant, Responsable del tractament). Les vostres dades de contacte s\u00f3n les seg\u00fcents: <\/p> <p>Adre\u00e7a: <span class=\"blanc-space ng-binding\">c\/Piverd 52 17200 Palafrugell &#8211; Girona<\/span><\/p> <p>Tel\u00e8fon de contacte: <span class=\"blanc-space ng-binding\">640325488<\/span><\/p> <p ng-show=\"faxTitular.length&gt; 0\" class=\"ng-hide\">Fax:  <span class=\"blanc-space ng-binding\"><\/span><\/p> <p>Email de contacte: <span class=\"blanc-space ng-binding\">info@twopagency.com<\/span><\/p> <h4>Registre de Dades de Car\u00e0cter Personal<\/h4> <p>En compliment del que estableixen el RGPD i la LOPD-GDD, us informem que les dades personals demanades per <span class=\"blanc-space ng-binding\">2P Digital Agency<\/span> , mitjan\u00e7ant els formularis estesos a les vostres p\u00e0gines quedaran incorporats i seran tractats al nostre fitxer per tal de poder facilitar, agilitzar i complir els compromisos establerts entre <span class=\"blanc-space ng-binding\">2P Digital Agency<\/span> i l&#8217;Usuari o el manteniment de la relaci\u00f3 atendre una sol\u00b7licitud o consulta del mateix. Aix\u00ed mateix, de conformitat amb el que preveu el RGPD i la LOPD-GDD, llevat que sigui aplicable l&#8217;excepci\u00f3 prevista a l&#8217;article 30.5 del RGPD, es mant\u00e9 un registre d&#8217;activitats de tractament que especifica, segons les seves finalitats, les activitats de tractament dutes a terme i les altres circumst\u00e0ncies establertes a l&#8217;RGPD. <\/p> <h4>Principis aplicables al tractament de les dades personals<\/h4> <p>El tractament de les dades personals de l&#8217;Usuari se sotmetr\u00e0 als seg\u00fcents principis recollits a l&#8217;article 5 del RGPD ia l&#8217;article 4 i seg\u00fcents de la Llei Org\u00e0nica 3\/2018, de 5 de desembre, de Protecci\u00f3 de Dades Personals i garantia dels drets digitals:<\/p> <ul> <li>Principi de licitud, lleialtat i transpar\u00e8ncia: es requerir\u00e0 en tot moment el consentiment de l&#8217;Usuari pr\u00e8via informaci\u00f3 completament transparent de les finalitats per a les quals es recullen les dades personals.<\/li> <li>Principi de limitaci\u00f3 de la finalitat: les dades personals seran recollides amb fins determinats, expl\u00edcits i leg\u00edtims.<\/li> <li>Principi de minimitzaci\u00f3 de dades: les dades personals recollides seran \u00fanicament les estrictament necess\u00e0ries en relaci\u00f3 amb les finalitats per a les quals s\u00f3n tractades.<\/li> <li>Principi d&#8217;exactitud: les dades personals han de ser exactes i estar sempre actualitzades.<\/li> <li>Principi de limitaci\u00f3 del termini de conservaci\u00f3: les dades personals nom\u00e9s seran mantingudes de manera que es permeti la identificaci\u00f3 de l&#8217;Usuari durant el temps necessari per als fins del tractament.<\/li> <li>Principi d \u201cintegritat i confidencialitat: les dades personals seran tractades de manera que se\u201d n garanteixi la seguretat i la confidencialitat.<\/li> <li>Principi de responsabilitat proactiva: el responsable del tractament ser\u00e0 responsable d&#8217;assegurar que els principis anteriors es compleixen.<\/li> <\/ul> <h4>Categories de dades personals<\/h4> <p ng-show=\"data.datosPersonales == 'opcionA'\">Les categories de dades que es tracten a <span class=\"blanc-space ng-binding\">2P Digital Agency<\/span> s\u00f3n \u00fanicament dades identificatives. En cap cas, no es tracten categories especials de dades personals en el sentit de l&#8217;article 9 del RGPD. <\/p> <p ng-show=\"data.datosPersonales == 'opcionB'\" class=\"ng-hide\">Les categories de dades que es tracten a <span class=\"blanc-space ng-binding\">2P Digital Agency<\/span> s\u00f3n tant dades identificatives com categories especials de dades personals en el sentit de l&#8217;article 9 del RGPD.<\/p> <p ng-show=\"data.datosPersonales == 'opcionB'\" class=\"ng-hide\">S&#8217;entenen com a categories especials de dades personals les que revelin l&#8217;origen \u00e8tnic o racial, les opinions pol\u00edtiques, les conviccions religioses o filos\u00f2fiques, o l&#8217;afiliaci\u00f3 sindical, i el tractament de dades gen\u00e8tiques, dades biom\u00e8triques dirigides a identificar de manera un\u00edvoca una persona f\u00edsica, dades relatives a la salut o dades relatives a la vida sexual.<\/p> <p ng-show=\"data.datosPersonales == 'opcionB'\" class=\"ng-hide\">Per al tractament de les categories especials de dades personals, caldr\u00e0 en tot cas el consentiment expl\u00edcit de l&#8217;Usuari per a un o diversos fins espec\u00edfics.<\/p> <h4>Base legal per al tractament de les dades personals<\/h4> <p>La base legal per al tractament de les dades personals \u00e9s el consentiment. <span class=\"blanc-space ng-binding\">2P Digital Agency<\/span> es compromet a demanar el consentiment expr\u00e9s i verificable de l&#8217;Usuari per al tractament de les seves dades personals per a un o m\u00e9s fins espec\u00edfics.<\/p> <p>L&#8217;Usuari tindr\u00e0 dret a retirar el consentiment en qualsevol moment. Ser\u00e0 tan f\u00e0cil retirar el consentiment com donar-ho. Com a regla general, la retirada del consentiment no condicionar\u00e0 l\u00fas del Lloc Web.  <\/p> <p>En les ocasions en qu\u00e8 l&#8217;Usuari hagi o pugui facilitar les seves dades a trav\u00e9s de formularis per realitzar consultes, sol\u00b7licitar informaci\u00f3 o per motius relacionats amb el contingut del Lloc Web, se us informar\u00e0 en cas que l&#8217;emplenament d&#8217;algun d&#8217;ells sigui obligat\u00f2ria perqu\u00e8 siguin imprescindibles per al correcte desenvolupament de l&#8217;operaci\u00f3 realitzada.<\/p> <h4>Fins del tractament a qu\u00e8 es destinen les dades personals<\/h4> <p>Les dades personals s\u00f3n recollides i gestionades per <span class=\"blanc-space ng-binding\">2P Digital Agency<\/span> amb la finalitat de poder facilitar, agilitzar i complir els compromisos establerts entre el Lloc Web i l \u201cUsuari o el manteniment de la relaci\u00f3 que s\u201d estableixi als formularis que aquest \u00faltim empleni o per atendre una sol\u00b7licitud o consulta.<\/p> <p>Igualment, les dades podran ser utilitzades amb una finalitat comercial de personalitzaci\u00f3, operativa i estad\u00edstica, i activitats pr\u00f2pies de l&#8217;objecte social de <span class=\"blanc-space ng-binding\">2P Digital Agency<\/span> , aix\u00ed com per a l&#8217;extracci\u00f3, emmagatzematge de dades i estudis de m\u00e0rqueting per adequar el Contingut ofert a l&#8217;Usuari, aix\u00ed com millorar la qualitat, funcionament i navegaci\u00f3 pel Lloc Web.<\/p> <p>En el moment en qu\u00e8 s&#8217;obtinguin les dades personals, s&#8217;informar\u00e0 l&#8217;Usuari sobre la finalitat o les finalitats espec\u00edfiques del tractament a qu\u00e8 es destinaran les dades personals;<\/p> <h4>Per\u00edodes de retenci\u00f3 de les dades personals<\/h4> <p>Les dades personals nom\u00e9s seran retingudes durant el temps m\u00ednim necessari per als fins del seu tractament i, en tot cas, \u00fanicament durant el termini seg\u00fcent: <span class=\"blanc-space ng-binding\">5 anys<\/span> , o fins que l&#8217;Usuari sol\u00b7licite la supressi\u00f3.<\/p> <p>En el moment en qu\u00e8 s&#8217;obtinguin les dades personals, s&#8217;informar\u00e0 l&#8217;usuari sobre el termini durant el qual es conservaran les dades personals o, quan aix\u00f2 no sigui possible, els criteris utilitzats per determinar aquest termini.<\/p> <h4>Destinataris de les dades personals<\/h4> <p ng-show=\"data.datosCompartidos == 'No'\" class=\"ng-hide\">Les dades personals de l&#8217;usuari no seran compartides amb tercers.<\/p> <p ng-show=\"data.datosCompartidos == 'No'\" class=\"ng-hide\">En qualsevol cas, en el moment en qu\u00e8 s&#8217;obtinguin les dades personals, s&#8217;informar\u00e0 l&#8217;usuari sobre els destinataris o les categories de destinataris de les dades personals.<\/p> <p ng-show=\"data.datosCompartidos == 'S\u00ed'\">Les dades personals de l&#8217;Usuari seran compartides amb els seg\u00fcents destinataris o categories de destinataris:<\/p> <pre ng-show=\"data.datosCompartidos == 'S\u00ed'\"><span class=\"blanc-space\"><p class=\"text-wrap ng-binding\">Google Ireland Ltd., con domicilio en Gordon House, Barrow Street, Dublin 4, Irlanda, como proveedor de servicios de anal\u00edtica web (Google Analytics) y herramientas para webmasters (Google Search Console), lo que implica una transferencia internacional de datos basada en cl\u00e1usulas contractuales tipo aprobadas por la Comisi\u00f3n Europea.<\/p><\/span><\/pre> <p ng-show=\"data.datosCompartidos == 'S\u00ed'\">En cas que el Responsable del tractament tingui la intenci\u00f3 de transferir dades personals a un tercer pa\u00eds o organitzaci\u00f3 internacional, en el moment en qu\u00e8 s&#8217;obtinguin les dades personals, s&#8217;informar\u00e0 l&#8217;Usuari sobre el tercer pa\u00eds o organitzaci\u00f3 internacional al qual es t\u00e9 la intenci\u00f3 de transferir les dades, aix\u00ed com de l&#8217;exist\u00e8ncia o l&#8217;abs\u00e8ncia d&#8217;una decisi\u00f3 d&#8217;adequaci\u00f3 de la Comissi\u00f3.<\/p> <h4>Dades personals de menors d&#8217;edat<\/h4> <p>Respectant all\u00f2 establert als articles 8 del RGPD i 7 de la Llei Org\u00e0nica 3\/2018, de 5 de desembre, de Protecci\u00f3 de Dades Personals i garantia dels drets digitals, nom\u00e9s els majors de 14 anys podran atorgar el seu consentiment per al tractament de les seves dades personals de forma l\u00edcita per <span class=\"blanc-space ng-binding\">2P Digital Agency<\/span> . Si es tracta d&#8217;un menor de 14 anys, caldr\u00e0 el consentiment dels pares o tutors per al tractament, i aquest nom\u00e9s es considerar\u00e0 l\u00edcit en la mesura que aquests ho hagin autoritzat. <\/p> <h4>Secret i seguretat de les dades personals<\/h4> <p><span class=\"blanc-space ng-binding\">2P Digital Agency<\/span> es compromet a adoptar les mesures t\u00e8cniques i organitzatives necess\u00e0ries, segons el nivell de seguretat adequat al risc de les dades recollides, de manera que es garanteixi la seguretat de les dades de car\u00e0cter personal i s \u201ceviti la destrucci\u00f3, p\u00e8rdua o alteraci\u00f3 accidental o il\u00b7l\u00edcita de dades personals transmeses, conservades o tractades d\u201d una altra manera, o la comunicaci\u00f3 o acc\u00e9s no autoritzats.<\/p> <p ng-show=\"hasSSL == 'S\u00ed'\" class=\"\">El Lloc Web compta amb un certificat SSL (Secure Socket Layer), que assegura que les dades personals es transmeten de manera segura i confidencial, en ser la transmissi\u00f3 de les dades entre el servidor i l&#8217;Usuari, i en retroalimentaci\u00f3, totalment xifrada o encriptada.<\/p> <p>No obstant aix\u00f2, pel fet que <span class=\"blanc-space ng-binding\">2P Digital Agency<\/span> no pot garantir la inexpugnabilitat d&#8217;internet ni l&#8217;abs\u00e8ncia total de hackers o altres que accedeixin de manera fraudulent a les dades personals, el Responsable del tractament es compromet a comunicar a l&#8217;Usuari sense dilaci\u00f3 indeguda quan es produeixi una violaci\u00f3 de la seguretat de les dades personals que sigui probable que entrani. Seguint el que estableix l&#8217;article 4 del RGPD, s&#8217;ent\u00e9n per violaci\u00f3 de la seguretat de les dades personals tota violaci\u00f3 de la seguretat que ocasioni la destrucci\u00f3, p\u00e8rdua o alteraci\u00f3 accidental o il\u00b7l\u00edcita de dades personals transmeses, conservades o tractades d&#8217;una altra manera, o la comunicaci\u00f3 o l&#8217;acc\u00e9s no autoritzats a aquestes dades. <\/p> <p>Les dades personals seran tractades com a confidencials pel Responsable del tractament, qui es compromet a informar de ia garantir per mitj\u00e0 d&#8217;una obligaci\u00f3 legal o contractual que aquesta confidencialitat sigui respectada pels seus empleats, associats, i tota persona a qui li faci accessible la informaci\u00f3.<\/p> <h4>Drets derivats del tractament de les dades personals<\/h4> <p>L&#8217;Usuari t\u00e9 sobre <span class=\"blanc-space ng-binding\">2P Digital Agency<\/span> i podr\u00e0, per tant, exercir davant del Responsable del tractament els seg\u00fcents drets reconeguts al RGPD i la Llei Org\u00e0nica 3\/2018, de 5 de desembre, de Protecci\u00f3 de Dades Personals i garantia dels drets digitals:<\/p> <ul> <li><i>Dret d \u201cacc\u00e9s:<\/i> \u00c9s el dret de l\u201d Usuari a obtenir confirmaci\u00f3 de si <span class=\"blanc-space ng-binding\">2P Digital Agency<\/span> est\u00e0 tractant o no les vostres dades personals i, en cas afirmatiu, obtenir informaci\u00f3 sobre les vostres dades concretes de car\u00e0cter personal i del tractament que <span class=\"blanc-space ng-binding\">2P Digital Agency<\/span> hagi realitzat o realitzi, aix\u00ed com, entre una altra, de la informaci\u00f3 disponible sobre l \u201corigen d\u201d aquestes dades i els destinataris de les comunicacions realitzades o previstes.<\/li> <li><i>Dret de rectificaci\u00f3:<\/i> \u00c9s el dret de l&#8217;Usuari al fet que es modifiquin les seves dades personals que resultin ser inexactes o, tenint en compte els fins del tractament, incomplets.<\/li> <li><i>Dret de supressi\u00f3 (&#8220;el dret a l&#8217;oblit&#8221;):<\/i>  \u00c9s el dret de l \u201cUsuari, sempre que la legislaci\u00f3 vigent no estableixi el contrari, a obtenir la supressi\u00f3 de les dades personals quan aquestes ja no siguin necess\u00e0ries per als fins per als quals van ser recollits o tractats; l\u201d Usuari hagi retirat el consentiment al tractament i aquest no compti amb una altra base legal; l \u201cUsuari s\u201d oposi al tractament i no hi hagi cap altre motiu leg\u00edtim per continuar amb aquest; les dades personals hagin estat tractades il\u00b7l\u00edcitament; les dades personals s \u201chan de suprimir en compliment d\u201d una obligaci\u00f3 legal; o les dades personals hagin estat obtingudes producte duna oferta directa de serveis de la societat de la informaci\u00f3 a un menor de 14 anys. A m\u00e9s de suprimir les dades, el Responsable del tractament, tenint en compte la tecnologia disponible i el cost de la seva aplicaci\u00f3, haur\u00e0 d \u201cadoptar mesures raonables per informar els responsables que estiguin tractant les dades personals de la sol\u00b7licitud de l\u201d interessat de supressi\u00f3 de qualsevol enlla\u00e7 a aquestes dades personals. <\/li> <li><i>Dret a la limitaci\u00f3 del tractament:<\/i> \u00c9s el dret de l \u201cUsuari a limitar el tractament de les vostres dades personals. L\u201d Usuari t\u00e9 dret a obtenir la limitaci\u00f3 del tractament quan impugni l \u201cexactitud de les dades personals; el tractament sigui il\u00b7l\u00edcit; el Responsable del tractament ja no necessiti les dades personals, per\u00f2 l\u201d Usuari ho necessiti per fer reclamacions; i quan l \u201cusuari s\u201d hagi oposat al tractament. <\/li> <li><i>Dret a la portabilitat de les dades:<\/i> En cas que el tractament s \u201cefectu\u00ef per mitjans automatitzats, l\u201d Usuari tindr\u00e0 dret a rebre del Responsable del tractament les dades personals en un format estructurat, d \u201c\u00fas com\u00fa i lectura mec\u00e0nica, ia transmetre\u201d ls a un altre responsable del tractament. Sempre que sigui t\u00e8cnicament possible, el responsable del tractament transmetr\u00e0 directament les dades a aquest altre responsable. <\/li> <li><i>Dret d&#8217;oposici\u00f3:<\/i> \u00c9s el dret de l&#8217;Usuari que no es dugui a terme el tractament de les seves dades de car\u00e0cter personal o se&#8217;n cessi el tractament per part de <span class=\"blanc-space ng-binding\">2P Digital Agency<\/span> .<\/li> <li><i>Dret a no ser objecte d&#8217;una decisi\u00f3 basada \u00fanicament en el tractament automatitzat, inclosa l&#8217;elaboraci\u00f3 de perfils:<\/i> \u00c9s el dret de l&#8217;Usuari a no ser objecte d&#8217;una decisi\u00f3 individualitzada basada \u00fanicament en el tractament automatitzat de les vostres dades personals, inclosa l&#8217;elaboraci\u00f3 de perfils, excepte que la legislaci\u00f3 vigent estableixi el contrari.<\/li> <\/ul> <p>Aix\u00ed doncs, l&#8217;Usuari podr\u00e0 exercitar els seus drets mitjan\u00e7ant comunicaci\u00f3 escrita adre\u00e7ada al Responsable del tractament amb la refer\u00e8ncia &#8220;RGPD- <span class=\"blanc-space ng-binding\">https:\/\/twopagency.com\/<\/span> &#8220;, especificant:<\/p> <ul> <li>Nom, cognoms de l&#8217;usuari i c\u00f2pia del DNI. En els casos en qu\u00e8 s&#8217;admeti la representaci\u00f3, tamb\u00e9 ser\u00e0 necess\u00e0ria la identificaci\u00f3 pel mateix mitj\u00e0 de la persona que representa l&#8217;Usuari, aix\u00ed com el document acreditatiu de la representaci\u00f3. La fotoc\u00f2pia del DNI podr\u00e0 ser substitu\u00efda per qualsevol altre mitj\u00e0 v\u00e0lid en dret que acrediti la identitat.  <\/li> <li>Petici\u00f3 amb els motius espec\u00edfics de la sol\u00b7licitud o informaci\u00f3 a qu\u00e8 es vol accedir.<\/li> <li>Domicili a efectes de notificacions.<\/li> <li>Data i signatura del sol\u00b7licitant.<\/li> <li>Tot document que acrediti la petici\u00f3 que formula.<\/li> <\/ul> <p>Aquesta sol\u00b7licitud i qualsevol altre document adjunt podr\u00e0 enviar-se a la seg\u00fcent adre\u00e7a i\/o correu electr\u00f2nic:<\/p> <p>Adre\u00e7a postal: <span class=\"blanc-space ng-binding\">c\/Piverd 52 17200 Palafrugell &#8211; Girona<\/span><\/p> <p>Correu electr\u00f2nic: <span class=\"blanc-space ng-binding\">info@twopagency.com<\/span><\/p> <h4>Enlla\u00e7os a llocs web de tercers<\/h4> <p>El Lloc Web pot incloure hipervincles o enlla\u00e7os que permeten accedir a p\u00e0gines web de tercers diferents de <span class=\"blanc-space ng-binding\">2P Digital Agency<\/span> , i que per tant no s\u00f3n operats per <span class=\"blanc-space ng-binding\">2P Digital Agency<\/span> . Els titulars d&#8217;aquests llocs web disposaran de les seves pr\u00f2pies pol\u00edtiques de protecci\u00f3 de dades, i ells mateixos seran, en cada cas, responsables dels seus propis fitxers i de les pr\u00f2pies pr\u00e0ctiques de privadesa. <\/p> <h4>Reclamacions davant de l&#8217;autoritat de control<\/h4> <p>En cas que l&#8217;Usuari consideri que hi ha un problema o infracci\u00f3 de la normativa vigent en la forma com s&#8217;estan tractant les seves dades personals, tindr\u00e0 dret a la tutela judicial efectiva ia presentar una reclamaci\u00f3 davant d&#8217;una autoritat de control, en particular, a l&#8217;Estat on tingui la resid\u00e8ncia habitual, lloc de treball o lloc de la suposada infracci\u00f3. En el cas d&#8217;Espanya, (https:\/\/www.aepd.es\/). <\/p> <h3>II. ACCEPTACI\u00d3 I CANVIS EN AQUESTA POL\u00cdTICA DE PRIVACITAT <\/h3> <p>Cal que l&#8217;Usuari hagi llegit i estigui conforme amb les condicions sobre la protecci\u00f3 de dades de car\u00e0cter personal contingudes en aquesta Pol\u00edtica de Privadesa, aix\u00ed com que accepti el tractament de les seves dades personals perqu\u00e8 el Responsable del tractament pugui procedir-hi en la forma, durant els terminis i per a les finalitats indicades. L&#8217;\u00fas del Lloc Web implicar\u00e0 l&#8217;acceptaci\u00f3 de la Pol\u00edtica de Privadesa del mateix. <\/p> <p><span class=\"blanc-space ng-binding\">2P Digital Agency<\/span> es reserva el dret a modificar la seva Pol\u00edtica de Privadesa, d&#8217;acord amb el seu propi criteri, o motivat per un canvi legislatiu, jurisprudencial o doctrinal de l&#8217;Ag\u00e8ncia Espanyola de Protecci\u00f3 de Dades. Els canvis o actualitzacions d&#8217;aquesta Pol\u00edtica de Privadesa no seran notificats de manera expl\u00edcita a l&#8217;Usuari. Es recomana a l&#8217;Usuari consultar aquesta p\u00e0gina de forma peri\u00f2dica per estar al corrent dels darrers canvis o actualitzacions.  <\/p> <p>Aquesta Pol\u00edtica de Privadesa va ser actualitzada per adaptar-se al Reglament (UE) 2016\/679 del Parlament Europeu i del Consell, de 27 d \u201cabril de 2016, relatiu a la protecci\u00f3 de les persones f\u00edsiques pel que fa al tractament de dades personals ia la lliure circulaci\u00f3 d\u201d aquestes dades (RGPD) ia la Llei Org\u00e0nica 3\/2018, de 5<\/p> <p>Aquest document de Pol\u00edtica de Privadesa d&#8217;un lloc web ha estat creat mitjan\u00e7ant el generador de <a class=\"text-body text-decoration-none\" href=\"https:\/\/textos-legales.edgartamarit.com\/\" target=\"_blank\" rel=\"noopener\">plantilla de pol\u00edtica de privadesa web gratis<\/a> online el dia 16\/05\/2025.<\/p> <\/div> <\/div> <\/div> <\/div> \t\t\t\t\t\t\t\t<\/div>\n\t\t\t\t<\/div>\n\t\t\t\t\t<\/div>\n\t\t\t\t<\/div>\n\t\t\t\t<\/div>\n\t\t","protected":false},"excerpt":{"rendered":"<p>POL\u00cdTICA DE PRIVACITAT DEL LLOC WEB https:\/\/twopagency.com\/ I. POL\u00cdTICA DE PRIVACITAT I PROTECCI\u00d3 DE DADES Respectant el que estableix la legislaci\u00f3 vigent, 2P Digital Agency (d&#8217;ara endavant, tamb\u00e9 Lloc Web) es compromet a adoptar les mesures t\u00e8cniques i organitzatives necess\u00e0ries, segons el nivell de seguretat adequat al risc de les dades recollides. Lleis que incorpora [&hellip;]<\/p>\n","protected":false},"author":5,"featured_media":0,"parent":0,"menu_order":0,"comment_status":"closed","ping_status":"closed","template":"","meta":{"footnotes":""},"class_list":["post-3675","page","type-page","status-publish","hentry"],"_links":{"self":[{"href":"https:\/\/twopagency.com\/ca\/wp-json\/wp\/v2\/pages\/3675","targetHints":{"allow":["GET"]}}],"collection":[{"href":"https:\/\/twopagency.com\/ca\/wp-json\/wp\/v2\/pages"}],"about":[{"href":"https:\/\/twopagency.com\/ca\/wp-json\/wp\/v2\/types\/page"}],"author":[{"embeddable":true,"href":"https:\/\/twopagency.com\/ca\/wp-json\/wp\/v2\/users\/5"}],"replies":[{"embeddable":true,"href":"https:\/\/twopagency.com\/ca\/wp-json\/wp\/v2\/comments?post=3675"}],"version-history":[{"count":0,"href":"https:\/\/twopagency.com\/ca\/wp-json\/wp\/v2\/pages\/3675\/revisions"}],"wp:attachment":[{"href":"https:\/\/twopagency.com\/ca\/wp-json\/wp\/v2\/media?parent=3675"}],"curies":[{"name":"wp","href":"https:\/\/api.w.org\/{rel}","templated":true}]}}