{"id":3666,"date":"2025-05-16T12:05:46","date_gmt":"2025-05-16T10:05:46","guid":{"rendered":"https:\/\/twopagency.com\/politica-de-cookies\/"},"modified":"2025-06-11T10:44:18","modified_gmt":"2025-06-11T08:44:18","slug":"politica-de-cookies","status":"publish","type":"page","link":"https:\/\/twopagency.com\/ca\/politica-de-cookies\/","title":{"rendered":"Pol\u00edtica de cookies"},"content":{"rendered":"\t\t<div data-elementor-type=\"wp-page\" data-elementor-id=\"3666\" class=\"elementor elementor-3666 elementor-2248\" data-elementor-post-type=\"page\">\n\t\t\t\t<div class=\"elementor-element elementor-element-87c91e9 e-flex e-con-boxed e-con e-parent\" data-id=\"87c91e9\" data-element_type=\"container\" data-e-type=\"container\">\n\t\t\t\t\t<div class=\"e-con-inner\">\n\t\t\t\t<div class=\"elementor-element elementor-element-99a16f5 elementor-widget elementor-widget-text-editor\" data-id=\"99a16f5\" data-element_type=\"widget\" data-e-type=\"widget\" data-widget_type=\"text-editor.default\">\n\t\t\t\t<div class=\"elementor-widget-container\">\n\t\t\t\t\t\t\t\t\t<h1>Pol\u00edtica de Cookies<\/h1><p><strong>Data d&#8217;entrada en vigor:<\/strong> 16 de maig de 2025<br> <strong>Darrera actualitzaci\u00f3:<\/strong> 16 de maig de 2025<\/p><h2>Qu\u00e8 s\u00f3n les galetes?<\/h2><p>Aquesta Pol\u00edtica de Cookies explica qu\u00e8 s\u00f3n les galetes i com les utilitzem, els tipus de galetes que fem servir, \u00e9s a dir, la informaci\u00f3 que recopilem mitjan\u00e7ant les galetes, com s&#8217;utilitza aquesta informaci\u00f3 i com gestionar la configuraci\u00f3 de les galetes.<\/p><p>Les galetes s\u00f3n petits fitxers de text que s \u201cutilitzen per emmagatzemar petits fragments d\u201d informaci\u00f3. S \u201cemmagatzemen al dispositiu quan el lloc web es carrega al navegador. Aquestes galetes ens ajuden a fer que el lloc web funcioni correctament, sigui m\u00e9s segur, ofereixi una millor experi\u00e8ncia d\u201d usuari i ens permeti comprendre com funciona el lloc web i analitzar qu\u00e8 es pot millorar.  <\/p><h2>Com utilitzem les galetes?<\/h2><p>Com la majoria dels serveis en l\u00ednia, el nostre lloc web utilitza cookies pr\u00f2pies i de tercers per a diverses finalitats. Les cookies pr\u00f2pies s\u00f3n majorit\u00e0riament necess\u00e0ries perqu\u00e8 el lloc web funcioni correctament i no recopilen cap dada personal identificable. <\/p><p>Les galetes de tercers utilitzades al nostre lloc web s \u201cutilitzen principalment per comprendre com funciona el lloc, com hi interactues, mantenir els nostres serveis segurs, oferir anuncis rellevants per a tu, i en general, proporcionar-te una millor experi\u00e8ncia d\u201d usuari i accelerar les teves futures interaccions amb el nostre lloc.<\/p><h2>Tipus de cookies utilitzades<\/h2><h2>Gestionar les prefer\u00e8ncies de cookies<\/h2><p>Configuraci\u00f3 de cookies<\/p><p>Pots canviar les teves prefer\u00e8ncies de cookies en qualsevol moment fent clic al bot\u00f3 anterior. Aix\u00f2 et permetr\u00e0 tornar a veure el banner de consentiment de cookies i canviar les teves prefer\u00e8ncies o retirar el teu consentiment a l&#8217;acte. <\/p><p>A m\u00e9s, els diferents navegadors proporcionen diferents m\u00e8todes per bloquejar i eliminar les galetes utilitzades pels llocs web. Pots canviar la configuraci\u00f3 del teu navegador per bloquejar o eliminar les galetes. A continuaci\u00f3 et deixem enlla\u00e7os als documents de suport sobre com gestionar i eliminar cookies als principals navegadors:  <\/p><ul><li><p>Chrome: <a href=\"https:\/\/support.google.com\/accounts\/answer\/32050\" target=\"_blank\" rel=\"noopener\">https:\/\/support.google.com\/accounts\/answer\/32050<\/a><\/p><\/li><li><p>Safari: <a href=\"https:\/\/support.apple.com\/en-in\/guide\/safari\/sfri11471\/mac\" target=\"_blank\" rel=\"noopener\">https:\/\/support.apple.com\/en-in\/guide\/safari\/sfri11471\/mac<\/a><\/p><\/li><li><p>Firefox: <a href=\"https:\/\/support.mozilla.org\/es\/kb\/borrar-cookies-y-datos-de-sitios-en-firefox\" target=\"_blank\" rel=\"noopener\">https:\/\/support.mozilla.org\/es\/kb\/borrar-cookies-y-datos-de-sitios-en-firefox<\/a><\/p><\/li><li><p>Internet Explorer: <a href=\"https:\/\/support.microsoft.com\/es-es\/topic\/c%C3%B3mo-eliminar-los-archivos-de-cookies-en-internet-explorer-bca9446f-d873-78de-77ba-d42645fa52fc\" target=\"_blank\" rel=\"noopener\">https:\/\/support.microsoft.com\/es-es\/topic\/c %C3% B3mo-eliminar-los-archivos-de-cookies-en-internet-explorer-bca9446f-d873-78de-77ba-d42645fa52fc<\/a><\/p><\/li><\/ul><p>Si utilitzeu un altre navegador web, si us plau consulta la documentaci\u00f3 oficial de suport del teu navegador.<\/p><hr><p><strong>Pol\u00edtica de Cookies generada per<\/strong> <a href=\"https:\/\/www.cookieyes.com\/?utm_source=CP&amp;utm_medium=footer&amp;utm_campaign=UW\" target=\"_blank\" rel=\"noopener\">CookieYes &#8211; Generador de Pol\u00edtiques de Cookies<\/a> .<\/p>\t\t\t\t\t\t\t\t<\/div>\n\t\t\t\t<\/div>\n\t\t\t\t\t<\/div>\n\t\t\t\t<\/div>\n\t\t\t\t<\/div>\n\t\t","protected":false},"excerpt":{"rendered":"<p>Pol\u00edtica de Cookies Data d&#8217;entrada en vigor: 16 de maig de 2025 Darrera actualitzaci\u00f3: 16 de maig de 2025 Qu\u00e8 s\u00f3n les galetes? Aquesta Pol\u00edtica de Cookies explica qu\u00e8 s\u00f3n les galetes i com les utilitzem, els tipus de galetes que fem servir, \u00e9s a dir, la informaci\u00f3 que recopilem mitjan\u00e7ant les galetes, com s&#8217;utilitza [&hellip;]<\/p>\n","protected":false},"author":5,"featured_media":0,"parent":0,"menu_order":0,"comment_status":"closed","ping_status":"closed","template":"","meta":{"footnotes":""},"class_list":["post-3666","page","type-page","status-publish","hentry"],"_links":{"self":[{"href":"https:\/\/twopagency.com\/ca\/wp-json\/wp\/v2\/pages\/3666","targetHints":{"allow":["GET"]}}],"collection":[{"href":"https:\/\/twopagency.com\/ca\/wp-json\/wp\/v2\/pages"}],"about":[{"href":"https:\/\/twopagency.com\/ca\/wp-json\/wp\/v2\/types\/page"}],"author":[{"embeddable":true,"href":"https:\/\/twopagency.com\/ca\/wp-json\/wp\/v2\/users\/5"}],"replies":[{"embeddable":true,"href":"https:\/\/twopagency.com\/ca\/wp-json\/wp\/v2\/comments?post=3666"}],"version-history":[{"count":0,"href":"https:\/\/twopagency.com\/ca\/wp-json\/wp\/v2\/pages\/3666\/revisions"}],"wp:attachment":[{"href":"https:\/\/twopagency.com\/ca\/wp-json\/wp\/v2\/media?parent=3666"}],"curies":[{"name":"wp","href":"https:\/\/api.w.org\/{rel}","templated":true}]}}